{"id":7484,"date":"2025-12-10T11:07:04","date_gmt":"2025-12-10T11:07:04","guid":{"rendered":"https:\/\/agriculture.romsan.com\/urun\/r20rsm\/"},"modified":"2026-03-09T07:34:49","modified_gmt":"2026-03-09T07:34:49","slug":"r20rsm","status":"publish","type":"product","link":"https:\/\/romsan.com\/de\/urun\/r20rsm\/","title":{"rendered":"R20RSM"},"content":{"rendered":"<p data-start=\"158\" data-end=\"555\">Der R20RSM ist ein professioneller Stra\u00dfenkehranbau, der f\u00fcr das schnelle, effiziente und sichere Reinigen gro\u00dfer Fl\u00e4chen entwickelt wurde. Er eignet sich f\u00fcr eine Vielzahl von Anwendungen \u2013 von landwirtschaftlichen Feldern \u00fcber Fabrikh\u00f6fe, kommunale Reinigungsarbeiten bis hin zu Industrieanlagen \u2013 und liefert dank seines leistungsstarken Hydrauliksystems und der hocheffizienten B\u00fcrstenkonfiguration \u00fcberlegene Kehrleistung.<\/p>\n<p data-start=\"557\" data-end=\"973\">Die Einheit ist mit einem fortschrittlichen Kehrsystem ausgestattet, das aus zwei hydraulisch angetriebenen Scheibenb\u00fcrsten besteht. Diese Seitenb\u00fcrsten f\u00fchren den Schmutz w\u00e4hrend des Betriebs zur Mitte, w\u00e4hrend die Hauptb\u00fcrste hinten, hinter der Achse positioniert, das gesammelte Material direkt in den Beh\u00e4lter transportiert. Dieses Dreifach-Kehrdesign sorgt f\u00fcr maximale Effizienz, insbesondere auf staubigen, kiesgef\u00fcllten oder stark verschmutzten Oberfl\u00e4chen.<\/p>\n<p data-start=\"975\" data-end=\"1256\">Dank des hydraulischen Hebe- und Senkmechanismus behalten die B\u00fcrsten den optimalen Bodendruck bei und gew\u00e4hrleisten eine hohe Reinigungsqualit\u00e4t, ohne die Oberfl\u00e4che zu besch\u00e4digen. Das benutzerfreundliche Bedienfeld erm\u00f6glicht es dem Bediener, das System einfach zu steuern und schnell an unterschiedliche Bodenbedingungen anzupassen.<\/p>\n<p data-start=\"1258\" data-end=\"1524\">Der R20RSM ist f\u00fcr den Einsatz mit Traktoren ab 45 PS ausgelegt. Durch die Wahl zwischen einer PTO-getriebenen Pumpe oder dem Hydrauliksystem des Zugfahrzeugs wird die Ausr\u00fcstung zu einer vielseitigen und praktischen Reinigungsl\u00f6sung f\u00fcr eine Vielzahl von Eins\u00e4tzen.<\/p>\n<p data-start=\"1526\" data-end=\"1767\">Dank seiner robusten Konstruktion, hohen Kehrkapazit\u00e4t und geringen Wartungsanforderungen ist der R20RSM ein langlebiger und effizienter Kehranbau, der sich f\u00fcr landwirtschaftliche Betriebe, kommunale Dienste und Industrieanlagen eignet.<\/p>\n<h5 data-start=\"1774\" data-end=\"1799\"><strong data-start=\"1778\" data-end=\"1797\">Kehrsystem<\/strong><\/h5>\n<p data-start=\"1800\" data-end=\"1952\">\u2022 Zwei Scheibenb\u00fcrsten, angetrieben von Hydraulikmotoren, mit hydraulischem Heben und Senken.<br data-start=\"1892\" data-end=\"1895\" \/>\u2022 Die hintere B\u00fcrste wird direkt von einem Hydraulikmotor angetrieben.<\/p>\n<h5 data-start=\"1954\" data-end=\"1986\"><strong data-start=\"1958\" data-end=\"1984\">Schmutzaufnahme-System<\/strong><\/h5>\n<p data-start=\"1987\" data-end=\"2136\">\u2022 Zwei vorne angebrachte Seitenb\u00fcrsten kehren den Schmutz zur Mitte.<br data-start=\"2051\" data-end=\"2054\" \/>\u2022 Die Hauptb\u00fcrste hinten, hinter der Achse positioniert, transportiert den Schmutz in den Beh\u00e4lter.<\/p>\n<h5 data-start=\"2138\" data-end=\"2161\"><strong data-start=\"2142\" data-end=\"2159\">Bedienfeld<\/strong><\/h5>\n<p data-start=\"2162\" data-end=\"2210\">\u2022 Einfaches und benutzerfreundliches Bedienfeld f\u00fcr den Operator.<\/p>\n<h5 data-start=\"2212\" data-end=\"2249\"><strong data-start=\"2216\" data-end=\"2247\">Anforderungen an das Zugfahrzeug<\/strong><\/h5>\n<p data-start=\"2250\" data-end=\"2298\">\u2022 F\u00fcr Traktoren mit mindestens 45 PS ausgelegt.<\/p>\n<h5 data-start=\"2300\" data-end=\"2329\"><strong data-start=\"2304\" data-end=\"2327\">Kraft\u00fcbertragungseinheit<\/strong><\/h5>\n<p data-start=\"2330\" data-end=\"2403\">\u2022 Kann \u00fcber PTO-Pumpe oder das Hydrauliksystem des Zugfahrzeugs betrieben werden.<\/p>\n","protected":false},"excerpt":{"rendered":"<p>Der R20RSM ist ein professioneller Stra\u00dfenkehranbau, der f\u00fcr das schnelle, effiziente und sichere Reinigen gro\u00dfer Fl\u00e4chen entwickelt wurde. Er eignet<\/p>\n","protected":false},"featured_media":9416,"template":"","meta":[],"product_brand":[],"product_cat":[704],"product_tag":[],"class_list":{"0":"post-7484","1":"product","2":"type-product","3":"status-publish","4":"has-post-thumbnail","6":"product_cat-anhanger-fur-kommunen-und-landwirtschaftliche-betriebe","8":"first","9":"instock","10":"shipping-taxable","11":"product-type-simple"},"_links":{"self":[{"href":"https:\/\/romsan.com\/de\/wp-json\/wp\/v2\/product\/7484","targetHints":{"allow":["GET"]}}],"collection":[{"href":"https:\/\/romsan.com\/de\/wp-json\/wp\/v2\/product"}],"about":[{"href":"https:\/\/romsan.com\/de\/wp-json\/wp\/v2\/types\/product"}],"version-history":[{"count":0,"href":"https:\/\/romsan.com\/de\/wp-json\/wp\/v2\/product\/7484\/revisions"}],"wp:featuredmedia":[{"embeddable":true,"href":"https:\/\/romsan.com\/de\/wp-json\/wp\/v2\/media\/9416"}],"wp:attachment":[{"href":"https:\/\/romsan.com\/de\/wp-json\/wp\/v2\/media?parent=7484"}],"wp:term":[{"taxonomy":"product_brand","embeddable":true,"href":"https:\/\/romsan.com\/de\/wp-json\/wp\/v2\/product_brand?post=7484"},{"taxonomy":"product_cat","embeddable":true,"href":"https:\/\/romsan.com\/de\/wp-json\/wp\/v2\/product_cat?post=7484"},{"taxonomy":"product_tag","embeddable":true,"href":"https:\/\/romsan.com\/de\/wp-json\/wp\/v2\/product_tag?post=7484"}],"curies":[{"name":"wp","href":"https:\/\/api.w.org\/{rel}","templated":true}]}}