{"id":7564,"date":"2025-10-22T05:37:20","date_gmt":"2025-10-22T05:37:20","guid":{"rendered":"https:\/\/agriculture.romsan.com\/urun\/r20tr0hkp\/"},"modified":"2026-03-15T22:02:04","modified_gmt":"2026-03-15T22:02:04","slug":"r20tr0hkp","status":"publish","type":"product","link":"https:\/\/romsan.com\/de\/urun\/r20tr0hkp\/","title":{"rendered":"R20TR0HKP"},"content":{"rendered":"<p data-start=\"0\" data-end=\"306\">Der R20TR0HKP ist auf \u00fcberlegene Leistung und Langlebigkeit ausgelegt und richtet sich an Fachleute, die nach <strong data-start=\"11\" data-end=\"44\">Tridem-Achsen-Poolfahrzeugen<\/strong> suchen. Mit seiner robusten Struktur, hohen Tragf\u00e4higkeit und Benutzerfreundlichkeit ist er eine schwere, zuverl\u00e4ssige L\u00f6sung, die in den Bereichen <strong data-start=\"199\" data-end=\"253\">Bau, Bergbau, Landwirtschaft und Transport<\/strong> bevorzugt eingesetzt werden kann.<\/p>\n<p data-start=\"308\" data-end=\"668\">Dieses Modell bietet maximale Effizienz f\u00fcr <strong data-start=\"318\" data-end=\"361\">Transport- und Gesch\u00e4ftsoperationen<\/strong>. Die langlebige Poolkarosserie gew\u00e4hrleistet den sicheren und geordneten Transport verschiedener Lastarten. Das <strong data-start=\"489\" data-end=\"514\">Tridem-Achs-System<\/strong> garantiert eine ausgewogene Lastverteilung, erh\u00f6ht die Tragf\u00e4higkeit des Fahrzeugs und sorgt selbst unter den h\u00e4rtesten Gel\u00e4ndebedingungen f\u00fcr \u00fcberlegene Stabilit\u00e4t und Traktionsleistung.<\/p>\n<p data-start=\"670\" data-end=\"841\">Dank der parabolischen Blattfederaufh\u00e4ngung und speziell entwickelten Reifen bietet es ein <strong data-start=\"780\" data-end=\"831\">komfortables, ausgewogenes und sicheres Fahrerlebnis<\/strong> sowohl in st\u00e4dtischen als auch in Gel\u00e4ndebedingungen.<\/p>\n<p data-start=\"843\" data-end=\"1016\" data-is-last-node=\"\" data-is-only-node=\"\"><strong data-start=\"843\" data-end=\"856\">Der R20TR0HKP<\/strong> ist die ideale Wahl f\u00fcr <strong data-start=\"970\" data-end=\"1003\">Tridem-Achsen-Poolfahrzeuge<\/strong> f\u00fcr Unternehmen, die hohe Haltbarkeit, lange Lebensdauer und maximale Effizienz im professionellen Transport suchen.<\/p>\n","protected":false},"excerpt":{"rendered":"<p>Der R20TR0HKP ist auf \u00fcberlegene Leistung und Langlebigkeit ausgelegt und richtet sich an Fachleute, die nach Tridem-Achsen-Poolfahrzeugen suchen. Mit seiner<\/p>\n","protected":false},"featured_media":9670,"template":"","meta":[],"product_brand":[],"product_cat":[791],"product_tag":[],"class_list":{"0":"post-7564","1":"product","2":"type-product","3":"status-publish","4":"has-post-thumbnail","6":"product_cat-tridem-achsen-poolkarosserie","8":"first","9":"instock","10":"shipping-taxable","11":"product-type-simple"},"_links":{"self":[{"href":"https:\/\/romsan.com\/de\/wp-json\/wp\/v2\/product\/7564","targetHints":{"allow":["GET"]}}],"collection":[{"href":"https:\/\/romsan.com\/de\/wp-json\/wp\/v2\/product"}],"about":[{"href":"https:\/\/romsan.com\/de\/wp-json\/wp\/v2\/types\/product"}],"version-history":[{"count":0,"href":"https:\/\/romsan.com\/de\/wp-json\/wp\/v2\/product\/7564\/revisions"}],"wp:featuredmedia":[{"embeddable":true,"href":"https:\/\/romsan.com\/de\/wp-json\/wp\/v2\/media\/9670"}],"wp:attachment":[{"href":"https:\/\/romsan.com\/de\/wp-json\/wp\/v2\/media?parent=7564"}],"wp:term":[{"taxonomy":"product_brand","embeddable":true,"href":"https:\/\/romsan.com\/de\/wp-json\/wp\/v2\/product_brand?post=7564"},{"taxonomy":"product_cat","embeddable":true,"href":"https:\/\/romsan.com\/de\/wp-json\/wp\/v2\/product_cat?post=7564"},{"taxonomy":"product_tag","embeddable":true,"href":"https:\/\/romsan.com\/de\/wp-json\/wp\/v2\/product_tag?post=7564"}],"curies":[{"name":"wp","href":"https:\/\/api.w.org\/{rel}","templated":true}]}}