{"id":7578,"date":"2025-10-22T05:30:37","date_gmt":"2025-10-22T05:30:37","guid":{"rendered":"https:\/\/agriculture.romsan.com\/urun\/r160tahkp4-long\/"},"modified":"2026-03-09T06:37:29","modified_gmt":"2026-03-09T06:37:29","slug":"r160tahkp4-long","status":"publish","type":"product","link":"https:\/\/romsan.com\/de\/urun\/r160tahkp4-long\/","title":{"rendered":"R160TAHKP4-LONG"},"content":{"rendered":"<p data-start=\"0\" data-end=\"254\">R160TAHKP4-LONG, <strong data-start=\"12\" data-end=\"45\">speziell f\u00fcr Profis entwickelt, die Tandem-Achsen-Kipper suchen<\/strong>. Mit seiner hohen Leistung, langlebigen Struktur und praktischen Nutzung ist es eine leistungsstarke Gesch\u00e4ftsl\u00f6sung, die sicher in <strong data-start=\"158\" data-end=\"200\">Bau-, Landwirtschafts- und Transportbranchen<\/strong> bevorzugt werden kann.<\/p>\n<p data-start=\"256\" data-end=\"624\">Dieses Modell erf\u00fcllt vollst\u00e4ndig die Anforderungen des <strong data-start=\"266\" data-end=\"319\">G\u00fctertransports und der gewerblichen Nutzung<\/strong>. Dank der robusten Kippmulde k\u00f6nnen verschiedene Arten von Ladungen sicher, geordnet und effizient transportiert werden. Das <strong data-start=\"461\" data-end=\"485\">Tandem-Achs-System<\/strong> verteilt die Last gleichm\u00e4\u00dfig, bietet dem Fahrzeug hohe Stabilit\u00e4t und \u00fcberlegene Traktion und Kontrolle selbst in unwegsamem Gel\u00e4nde.<\/p>\n<p data-start=\"626\" data-end=\"787\">Die parabolische Blattfederung und speziell entwickelte Reifen bieten ein <strong data-start=\"727\" data-end=\"778\">komfortables, ausgewogenes und sicheres Fahrerlebnis<\/strong> f\u00fcr den Stadt- und Offroad-Einsatz.<\/p>\n<p data-start=\"789\" data-end=\"963\" data-is-last-node=\"\" data-is-only-node=\"\"><strong data-start=\"789\" data-end=\"803\">R160TAHKP4-LONG<\/strong> ist die ideale <strong data-start=\"917\" data-end=\"950\">Tandem-Achsen-Kipper<\/strong>-Option f\u00fcr Unternehmen, die lange Lebensdauer, hohe Leistung und maximale Zuverl\u00e4ssigkeit im professionellen Transport suchen.<\/p>\n","protected":false},"excerpt":{"rendered":"<p>R160TAHKP4-LONG, speziell f\u00fcr Profis entwickelt, die Tandem-Achsen-Kipper suchen. Mit seiner hohen Leistung, langlebigen Struktur und praktischen Nutzung ist es eine<\/p>\n","protected":false},"featured_media":9379,"template":"","meta":[],"product_brand":[],"product_cat":[800],"product_tag":[],"class_list":{"0":"post-7578","1":"product","2":"type-product","3":"status-publish","4":"has-post-thumbnail","6":"product_cat-tandem-achs-pool-kasten","8":"first","9":"instock","10":"shipping-taxable","11":"product-type-simple"},"_links":{"self":[{"href":"https:\/\/romsan.com\/de\/wp-json\/wp\/v2\/product\/7578","targetHints":{"allow":["GET"]}}],"collection":[{"href":"https:\/\/romsan.com\/de\/wp-json\/wp\/v2\/product"}],"about":[{"href":"https:\/\/romsan.com\/de\/wp-json\/wp\/v2\/types\/product"}],"version-history":[{"count":0,"href":"https:\/\/romsan.com\/de\/wp-json\/wp\/v2\/product\/7578\/revisions"}],"wp:featuredmedia":[{"embeddable":true,"href":"https:\/\/romsan.com\/de\/wp-json\/wp\/v2\/media\/9379"}],"wp:attachment":[{"href":"https:\/\/romsan.com\/de\/wp-json\/wp\/v2\/media?parent=7578"}],"wp:term":[{"taxonomy":"product_brand","embeddable":true,"href":"https:\/\/romsan.com\/de\/wp-json\/wp\/v2\/product_brand?post=7578"},{"taxonomy":"product_cat","embeddable":true,"href":"https:\/\/romsan.com\/de\/wp-json\/wp\/v2\/product_cat?post=7578"},{"taxonomy":"product_tag","embeddable":true,"href":"https:\/\/romsan.com\/de\/wp-json\/wp\/v2\/product_tag?post=7578"}],"curies":[{"name":"wp","href":"https:\/\/api.w.org\/{rel}","templated":true}]}}