{"id":7585,"date":"2025-10-22T05:21:20","date_gmt":"2025-10-22T05:21:20","guid":{"rendered":"https:\/\/agriculture.romsan.com\/urun\/r160tahkp4\/"},"modified":"2026-03-09T06:36:00","modified_gmt":"2026-03-09T06:36:00","slug":"r160tahkp4","status":"publish","type":"product","link":"https:\/\/romsan.com\/de\/urun\/r160tahkp4\/","title":{"rendered":"R160TAHKP4"},"content":{"rendered":"<p data-start=\"0\" data-end=\"254\">R160TAHKP4, <strong data-start=\"12\" data-end=\"45\">speziell f\u00fcr Fachleute entwickelt, die Tandem-Achs-Kipper suchen<\/strong>. Mit seiner hohen Leistung, robusten Bauweise und praktischen Handhabung ist er eine leistungsstarke Gesch\u00e4ftsl\u00f6sung, die sicher in <strong data-start=\"158\" data-end=\"200\">Bau-, Landwirtschafts- und Transportbranche<\/strong> eingesetzt werden kann.<\/p>\n<p data-start=\"256\" data-end=\"624\">Dieses Modell erf\u00fcllt vollst\u00e4ndig die Anforderungen des <strong data-start=\"266\" data-end=\"319\">G\u00fctertransports und der gewerblichen Nutzung<\/strong>. Dank der robusten Kippmulde k\u00f6nnen verschiedene Lasten sicher, geordnet und effizient transportiert werden. Das <strong data-start=\"461\" data-end=\"485\">Tandem-Achs-System<\/strong> verteilt die Last gleichm\u00e4\u00dfig, sorgt f\u00fcr hohe Stabilit\u00e4t des Fahrzeugs und bietet selbst auf unebenem Gel\u00e4nde \u00fcberlegene Traktion und Kontrolle.<\/p>\n<p data-start=\"626\" data-end=\"787\">Die Parabol-Federung und speziell entwickelte Reifen bieten ein <strong data-start=\"727\" data-end=\"778\">komfortables, ausgewogenes und sicheres Fahrerlebnis<\/strong> sowohl im st\u00e4dtischen als auch im Gel\u00e4ndeeinsatz.<\/p>\n<p data-start=\"789\" data-end=\"963\" data-is-last-node=\"\" data-is-only-node=\"\"><strong data-start=\"789\" data-end=\"803\">R160TAHKP4<\/strong> ist die ideale <strong data-start=\"917\" data-end=\"950\">Tandem-Achs-Kippwagen<\/strong>-Option f\u00fcr Unternehmen, die eine lange Lebensdauer, hohe Leistung und maximale Zuverl\u00e4ssigkeit im professionellen Transport suchen.<\/p>\n","protected":false},"excerpt":{"rendered":"<p>R160TAHKP4, speziell f\u00fcr Fachleute entwickelt, die Tandem-Achs-Kipper suchen. Mit seiner hohen Leistung, robusten Bauweise und praktischen Handhabung ist er eine<\/p>\n","protected":false},"featured_media":9374,"template":"","meta":[],"product_brand":[],"product_cat":[800],"product_tag":[],"class_list":{"0":"post-7585","1":"product","2":"type-product","3":"status-publish","4":"has-post-thumbnail","6":"product_cat-tandem-achs-pool-kasten","8":"first","9":"instock","10":"shipping-taxable","11":"product-type-simple"},"_links":{"self":[{"href":"https:\/\/romsan.com\/de\/wp-json\/wp\/v2\/product\/7585","targetHints":{"allow":["GET"]}}],"collection":[{"href":"https:\/\/romsan.com\/de\/wp-json\/wp\/v2\/product"}],"about":[{"href":"https:\/\/romsan.com\/de\/wp-json\/wp\/v2\/types\/product"}],"version-history":[{"count":0,"href":"https:\/\/romsan.com\/de\/wp-json\/wp\/v2\/product\/7585\/revisions"}],"wp:featuredmedia":[{"embeddable":true,"href":"https:\/\/romsan.com\/de\/wp-json\/wp\/v2\/media\/9374"}],"wp:attachment":[{"href":"https:\/\/romsan.com\/de\/wp-json\/wp\/v2\/media?parent=7585"}],"wp:term":[{"taxonomy":"product_brand","embeddable":true,"href":"https:\/\/romsan.com\/de\/wp-json\/wp\/v2\/product_brand?post=7585"},{"taxonomy":"product_cat","embeddable":true,"href":"https:\/\/romsan.com\/de\/wp-json\/wp\/v2\/product_cat?post=7585"},{"taxonomy":"product_tag","embeddable":true,"href":"https:\/\/romsan.com\/de\/wp-json\/wp\/v2\/product_tag?post=7585"}],"curies":[{"name":"wp","href":"https:\/\/api.w.org\/{rel}","templated":true}]}}