{"id":7597,"date":"2025-10-22T05:10:44","date_gmt":"2025-10-22T05:10:44","guid":{"rendered":"https:\/\/agriculture.romsan.com\/urun\/r120tahkp4\/"},"modified":"2026-03-09T06:33:16","modified_gmt":"2026-03-09T06:33:16","slug":"r120tahkp4","status":"publish","type":"product","link":"https:\/\/romsan.com\/de\/urun\/r120tahkp4\/","title":{"rendered":"R120TAHKP4"},"content":{"rendered":"<p data-start=\"0\" data-end=\"254\">R120TAHKP4, <strong data-start=\"12\" data-end=\"45\">speziell f\u00fcr Fachleute entwickelt, die Tandemachs-Kippfahrzeuge suchen<\/strong>. Mit seiner hohen Leistung, robusten Struktur und praktischen Nutzung ist es eine leistungsstarke Gesch\u00e4ftsl\u00f6sung, die sicher in <strong data-start=\"158\" data-end=\"200\">Bau-, Landwirtschafts- und Transportindustrien<\/strong> bevorzugt werden kann.<\/p>\n<p data-start=\"256\" data-end=\"624\">Dieses Modell erf\u00fcllt vollst\u00e4ndig die Anforderungen des <strong data-start=\"266\" data-end=\"319\">G\u00fctertransports und der kommerziellen Nutzung<\/strong>. Dank der robusten Kippmulde k\u00f6nnen verschiedene Arten von Lasten sicher, geordnet und effizient transportiert werden. Das <strong data-start=\"461\" data-end=\"485\">Tandemachs-System<\/strong> verteilt die Last gleichm\u00e4\u00dfig, bietet hohe Stabilit\u00e4t f\u00fcr das Fahrzeug und \u00fcberlegene Traktion sowie Kontrolle auch unter schwierigen Gel\u00e4ndebedingungen.<\/p>\n<p data-start=\"626\" data-end=\"787\">Die Parabolblattfederung und speziell entwickelte Reifen bieten ein <strong data-start=\"727\" data-end=\"778\">komfortables, ausgewogenes und sicheres Fahrerlebnis<\/strong> sowohl f\u00fcr den Stadt- als auch f\u00fcr den Gel\u00e4ndeeinsatz.<\/p>\n<p data-start=\"789\" data-end=\"963\" data-is-last-node=\"\" data-is-only-node=\"\"><strong data-start=\"789\" data-end=\"803\">R120TAHKP4<\/strong> ist die ideale <strong data-start=\"917\" data-end=\"950\">Tandemachs-Kippfahrzeug<\/strong>-Option f\u00fcr Unternehmen, die eine lange Lebensdauer, hohe Leistung und maximale Zuverl\u00e4ssigkeit im professionellen Transport suchen.<\/p>\n","protected":false},"excerpt":{"rendered":"<p>R120TAHKP4, speziell f\u00fcr Fachleute entwickelt, die Tandemachs-Kippfahrzeuge suchen. Mit seiner hohen Leistung, robusten Struktur und praktischen Nutzung ist es eine<\/p>\n","protected":false},"featured_media":9365,"template":"","meta":[],"product_brand":[],"product_cat":[800],"product_tag":[],"class_list":{"0":"post-7597","1":"product","2":"type-product","3":"status-publish","4":"has-post-thumbnail","6":"product_cat-tandem-achs-pool-kasten","8":"first","9":"instock","10":"shipping-taxable","11":"product-type-simple"},"_links":{"self":[{"href":"https:\/\/romsan.com\/de\/wp-json\/wp\/v2\/product\/7597","targetHints":{"allow":["GET"]}}],"collection":[{"href":"https:\/\/romsan.com\/de\/wp-json\/wp\/v2\/product"}],"about":[{"href":"https:\/\/romsan.com\/de\/wp-json\/wp\/v2\/types\/product"}],"version-history":[{"count":0,"href":"https:\/\/romsan.com\/de\/wp-json\/wp\/v2\/product\/7597\/revisions"}],"wp:featuredmedia":[{"embeddable":true,"href":"https:\/\/romsan.com\/de\/wp-json\/wp\/v2\/media\/9365"}],"wp:attachment":[{"href":"https:\/\/romsan.com\/de\/wp-json\/wp\/v2\/media?parent=7597"}],"wp:term":[{"taxonomy":"product_brand","embeddable":true,"href":"https:\/\/romsan.com\/de\/wp-json\/wp\/v2\/product_brand?post=7597"},{"taxonomy":"product_cat","embeddable":true,"href":"https:\/\/romsan.com\/de\/wp-json\/wp\/v2\/product_cat?post=7597"},{"taxonomy":"product_tag","embeddable":true,"href":"https:\/\/romsan.com\/de\/wp-json\/wp\/v2\/product_tag?post=7597"}],"curies":[{"name":"wp","href":"https:\/\/api.w.org\/{rel}","templated":true}]}}