{"id":7881,"date":"2025-10-19T11:42:32","date_gmt":"2025-10-19T11:42:32","guid":{"rendered":"https:\/\/agriculture.romsan.com\/urun\/r50tsgap\/"},"modified":"2026-03-09T08:01:19","modified_gmt":"2026-03-09T08:01:19","slug":"r50tsgap","status":"publish","type":"product","link":"https:\/\/romsan.com\/de\/urun\/r50tsgap\/","title":{"rendered":"R50TSGAP"},"content":{"rendered":"<p data-start=\"186\" data-end=\"431\">Der R50TSGAP ist ein <strong data-start=\"196\" data-end=\"217\">leichter Nutzfahrzeug<\/strong>, <strong data-start=\"219\" data-end=\"236\">Kipp-Lkw<\/strong> und <strong data-start=\"240\" data-end=\"260\">Transportfahrzeug<\/strong>, der f\u00fcr Fachleute entwickelt wurde, die eine zuverl\u00e4ssige L\u00f6sung zum Transport von Lasten suchen. Mit hoher Leistung, Haltbarkeit und einfacher Handhabung ist er sicher in Bau-, Landwirtschafts- und Transportsektoren einsetzbar.<\/p>\n<p data-start=\"433\" data-end=\"778\">Dieses Fahrzeug bietet ideale L\u00f6sungen f\u00fcr <strong data-start=\"442\" data-end=\"462\">G\u00fctertransport<\/strong>, <strong data-start=\"464\" data-end=\"483\">gewerbliche Nutzung<\/strong> und <strong data-start=\"487\" data-end=\"520\">Bed\u00fcrfnisse leichter Nutzfahrzeuge<\/strong>. Dank des robusten Aufbaus und des leistungsstarken Kippmechanismus k\u00f6nnen Sie Ihre Lasten schnell und sicher transportieren. Die parabolische Blattfederung und speziell entwickelte Reifen sorgen sowohl im Stadtverkehr als auch im Gel\u00e4nde f\u00fcr eine komfortable Fahrt.<\/p>\n<p data-start=\"780\" data-end=\"926\">Der R50TSGAP ist die beste Wahl f\u00fcr Unternehmen, die <strong data-start=\"790\" data-end=\"817\">professionellen Transport<\/strong>, einen <strong data-start=\"819\" data-end=\"855\">f\u00fcr den G\u00fctertransport geeigneten Kipp-Lkw<\/strong> und ein <strong data-start=\"859\" data-end=\"880\">leichtes Nutzfahrzeug<\/strong> suchen.<\/p>\n","protected":false},"excerpt":{"rendered":"<p>Der R50TSGAP ist ein leichter Nutzfahrzeug, Kipp-Lkw und Transportfahrzeug, der f\u00fcr Fachleute entwickelt wurde, die eine zuverl\u00e4ssige L\u00f6sung zum Transport<\/p>\n","protected":false},"featured_media":9405,"template":"","meta":[],"product_brand":[],"product_cat":[748],"product_tag":[],"class_list":{"0":"post-7881","1":"product","2":"type-product","3":"status-publish","4":"has-post-thumbnail","6":"product_cat-einachs-kippanhanger","8":"first","9":"instock","10":"shipping-taxable","11":"product-type-simple"},"_links":{"self":[{"href":"https:\/\/romsan.com\/de\/wp-json\/wp\/v2\/product\/7881","targetHints":{"allow":["GET"]}}],"collection":[{"href":"https:\/\/romsan.com\/de\/wp-json\/wp\/v2\/product"}],"about":[{"href":"https:\/\/romsan.com\/de\/wp-json\/wp\/v2\/types\/product"}],"version-history":[{"count":0,"href":"https:\/\/romsan.com\/de\/wp-json\/wp\/v2\/product\/7881\/revisions"}],"wp:featuredmedia":[{"embeddable":true,"href":"https:\/\/romsan.com\/de\/wp-json\/wp\/v2\/media\/9405"}],"wp:attachment":[{"href":"https:\/\/romsan.com\/de\/wp-json\/wp\/v2\/media?parent=7881"}],"wp:term":[{"taxonomy":"product_brand","embeddable":true,"href":"https:\/\/romsan.com\/de\/wp-json\/wp\/v2\/product_brand?post=7881"},{"taxonomy":"product_cat","embeddable":true,"href":"https:\/\/romsan.com\/de\/wp-json\/wp\/v2\/product_cat?post=7881"},{"taxonomy":"product_tag","embeddable":true,"href":"https:\/\/romsan.com\/de\/wp-json\/wp\/v2\/product_tag?post=7881"}],"curies":[{"name":"wp","href":"https:\/\/api.w.org\/{rel}","templated":true}]}}