{"id":7883,"date":"2025-09-21T15:31:52","date_gmt":"2025-09-21T15:31:52","guid":{"rendered":"https:\/\/agriculture.romsan.com\/urun\/r35tsgap\/"},"modified":"2026-03-09T08:00:38","modified_gmt":"2026-03-09T08:00:38","slug":"r35tsgap","status":"publish","type":"product","link":"https:\/\/romsan.com\/de\/urun\/r35tsgap\/","title":{"rendered":"R35TSGAP"},"content":{"rendered":"<p data-start=\"186\" data-end=\"431\">Der R35TSGAP ist ein <strong data-start=\"196\" data-end=\"217\">leichtes Nutzfahrzeug<\/strong>, ein <strong data-start=\"219\" data-end=\"236\">Kipper<\/strong> sowie ein <strong data-start=\"240\" data-end=\"260\">Fahrzeug f\u00fcr den G\u00fctertransport<\/strong>, das f\u00fcr professionelle Anwender entwickelt wurde, die eine zuverl\u00e4ssige Transportl\u00f6sung f\u00fcr Lasten suchen. Dank hoher Leistung, robuster Bauweise und einfacher Handhabung eignet er sich ideal f\u00fcr den Einsatz in den Bereichen Bauwesen, Landwirtschaft und Transport.<\/p>\n<p data-start=\"433\" data-end=\"778\">Dieses Fahrzeug bietet optimale L\u00f6sungen f\u00fcr den <strong data-start=\"442\" data-end=\"462\">G\u00fctertransport<\/strong>, den <strong data-start=\"464\" data-end=\"483\">gewerblichen Einsatz<\/strong> sowie f\u00fcr <strong data-start=\"487\" data-end=\"520\">Anforderungen im Bereich leichter Nutzfahrzeuge<\/strong>. Dank des widerstandsf\u00e4higen Aufbaus und des leistungsstarken Kippersystems k\u00f6nnen Lasten schnell und sicher transportiert werden. Die parabolische Blattfederung und speziell entwickelte Reifen sorgen sowohl im Stadtverkehr als auch bei Eins\u00e4tzen auf dem Feld f\u00fcr hohen Fahrkomfort.<\/p>\n<p data-start=\"780\" data-end=\"926\">Der R35TSGAP ist die optimale Wahl f\u00fcr Unternehmen, die eine <strong data-start=\"790\" data-end=\"817\">professionelle Transportl\u00f6sung<\/strong>, einen <strong data-start=\"819\" data-end=\"855\">f\u00fcr den G\u00fctertransport geeigneten Kipper<\/strong> sowie ein <strong data-start=\"859\" data-end=\"880\">leichtes Nutzfahrzeug<\/strong> ben\u00f6tigen.<\/p>\n","protected":false},"excerpt":{"rendered":"<p>Der R35TSGAP ist ein leichtes Nutzfahrzeug, ein Kipper sowie ein Fahrzeug f\u00fcr den G\u00fctertransport, das f\u00fcr professionelle Anwender entwickelt wurde,<\/p>\n","protected":false},"featured_media":9474,"template":"","meta":[],"product_brand":[],"product_cat":[748],"product_tag":[],"class_list":{"0":"post-7883","1":"product","2":"type-product","3":"status-publish","4":"has-post-thumbnail","6":"product_cat-einachs-kippanhanger","8":"first","9":"instock","10":"shipping-taxable","11":"product-type-simple"},"_links":{"self":[{"href":"https:\/\/romsan.com\/de\/wp-json\/wp\/v2\/product\/7883","targetHints":{"allow":["GET"]}}],"collection":[{"href":"https:\/\/romsan.com\/de\/wp-json\/wp\/v2\/product"}],"about":[{"href":"https:\/\/romsan.com\/de\/wp-json\/wp\/v2\/types\/product"}],"version-history":[{"count":0,"href":"https:\/\/romsan.com\/de\/wp-json\/wp\/v2\/product\/7883\/revisions"}],"wp:featuredmedia":[{"embeddable":true,"href":"https:\/\/romsan.com\/de\/wp-json\/wp\/v2\/media\/9474"}],"wp:attachment":[{"href":"https:\/\/romsan.com\/de\/wp-json\/wp\/v2\/media?parent=7883"}],"wp:term":[{"taxonomy":"product_brand","embeddable":true,"href":"https:\/\/romsan.com\/de\/wp-json\/wp\/v2\/product_brand?post=7883"},{"taxonomy":"product_cat","embeddable":true,"href":"https:\/\/romsan.com\/de\/wp-json\/wp\/v2\/product_cat?post=7883"},{"taxonomy":"product_tag","embeddable":true,"href":"https:\/\/romsan.com\/de\/wp-json\/wp\/v2\/product_tag?post=7883"}],"curies":[{"name":"wp","href":"https:\/\/api.w.org\/{rel}","templated":true}]}}