{"id":7885,"date":"2025-10-19T12:13:02","date_gmt":"2025-10-19T12:13:02","guid":{"rendered":"https:\/\/agriculture.romsan.com\/urun\/r60csga4p\/"},"modified":"2026-03-15T22:17:31","modified_gmt":"2026-03-15T22:17:31","slug":"r60csga4p","status":"publish","type":"product","link":"https:\/\/romsan.com\/de\/urun\/r60csga4p\/","title":{"rendered":"R60CSGA4P"},"content":{"rendered":"<p data-start=\"0\" data-end=\"320\">R60CSGA4P ist ein <strong data-start=\"11\" data-end=\"40\">Doppelachs-Kipper<\/strong>, der mit seiner <strong data-start=\"42\" data-end=\"70\">hohen Tragf\u00e4higkeit<\/strong> und <strong data-start=\"74\" data-end=\"91\">robusten Konstruktion<\/strong> f\u00fcr maximale Effizienz unter Schwerlastbedingungen ausgelegt ist. Entwickelt f\u00fcr den professionellen Einsatz in den Bereichen Bauwesen, Landwirtschaft, Bergbau und Transport, \u00fcberzeugt dieses Modell durch seine Langlebigkeit und hohe Leistungsf\u00e4higkeit.<\/p>\n<p data-start=\"322\" data-end=\"632\">Dank des leistungsstarken Antriebs, des stabilen Fahrgestells und des Doppelachssystems k\u00f6nnen schwere Lasten sicher transportiert werden. Der fortschrittliche Kippmechanismus erm\u00f6glicht ein schnelles, praktisches und sicheres Entladen. Die parabolische Blattfederung sowie speziell entwickelte Reifen sorgen auch unter anspruchsvollen Gel\u00e4ndebedingungen f\u00fcr hervorragende Balance und hohen Fahrkomfort.<\/p>\n<p data-start=\"634\" data-end=\"849\" data-is-last-node=\"\" data-is-only-node=\"\"><strong data-start=\"634\" data-end=\"647\">R60CSGA4P<\/strong> ist die ideale <strong data-start=\"741\" data-end=\"770\">Doppelachs-Kipper<\/strong>-L\u00f6sung f\u00fcr den Schwerlasttransport, den professionellen Baustelleneinsatz und landwirtschaftliche Arbeiten. Er bietet Unternehmen eine zuverl\u00e4ssige, leistungsstarke und langlebige Investition.<\/p>\n","protected":false},"excerpt":{"rendered":"<p>R60CSGA4P ist ein Doppelachs-Kipper, der mit seiner hohen Tragf\u00e4higkeit und robusten Konstruktion f\u00fcr maximale Effizienz unter Schwerlastbedingungen ausgelegt ist. Entwickelt<\/p>\n","protected":false},"featured_media":9512,"template":"","meta":[],"product_brand":[],"product_cat":[758],"product_tag":[],"class_list":{"0":"post-7885","1":"product","2":"type-product","3":"status-publish","4":"has-post-thumbnail","6":"product_cat-zweiachser-kippanhanger","8":"first","9":"instock","10":"shipping-taxable","11":"product-type-simple"},"_links":{"self":[{"href":"https:\/\/romsan.com\/de\/wp-json\/wp\/v2\/product\/7885","targetHints":{"allow":["GET"]}}],"collection":[{"href":"https:\/\/romsan.com\/de\/wp-json\/wp\/v2\/product"}],"about":[{"href":"https:\/\/romsan.com\/de\/wp-json\/wp\/v2\/types\/product"}],"version-history":[{"count":0,"href":"https:\/\/romsan.com\/de\/wp-json\/wp\/v2\/product\/7885\/revisions"}],"wp:featuredmedia":[{"embeddable":true,"href":"https:\/\/romsan.com\/de\/wp-json\/wp\/v2\/media\/9512"}],"wp:attachment":[{"href":"https:\/\/romsan.com\/de\/wp-json\/wp\/v2\/media?parent=7885"}],"wp:term":[{"taxonomy":"product_brand","embeddable":true,"href":"https:\/\/romsan.com\/de\/wp-json\/wp\/v2\/product_brand?post=7885"},{"taxonomy":"product_cat","embeddable":true,"href":"https:\/\/romsan.com\/de\/wp-json\/wp\/v2\/product_cat?post=7885"},{"taxonomy":"product_tag","embeddable":true,"href":"https:\/\/romsan.com\/de\/wp-json\/wp\/v2\/product_tag?post=7885"}],"curies":[{"name":"wp","href":"https:\/\/api.w.org\/{rel}","templated":true}]}}