{"id":7889,"date":"2025-10-19T12:57:24","date_gmt":"2025-10-19T12:57:24","guid":{"rendered":"https:\/\/agriculture.romsan.com\/urun\/r140csga4p-long\/"},"modified":"2026-03-09T06:59:45","modified_gmt":"2026-03-09T06:59:45","slug":"r140csga4p-long","status":"publish","type":"product","link":"https:\/\/romsan.com\/de\/urun\/r140csga4p-long\/","title":{"rendered":"R140CSGA4P-LONG"},"content":{"rendered":"<p data-start=\"0\" data-end=\"320\">Der R140CSGA4P-Long ist ein <strong data-start=\"11\" data-end=\"40\">Zweiachs-Kippwagen<\/strong>, der f\u00fcr maximale Effizienz unter Schwerlastbedingungen entwickelt wurde, mit seiner <strong data-start=\"42\" data-end=\"70\">hohen Tragf\u00e4higkeit<\/strong> und <strong data-start=\"74\" data-end=\"91\">robusten Bauweise<\/strong>. Entwickelt f\u00fcr den professionellen Einsatz in Bauwesen, Landwirtschaft, Bergbau und Transport, besticht dieses Modell durch seine Langlebigkeit und herausragende Leistung.<\/p>\n<p data-start=\"322\" data-end=\"632\">Mit seinem leistungsstarken Motor, robustem Chassis und Zweiachs-System transportiert er schwere Lasten sicher. Der fortschrittliche Kippmechanismus erm\u00f6glicht ein schnelles, praktisches und sicheres Entladen von Materialien. Parabolische Blattfedern und speziell entwickelte Reifen sorgen f\u00fcr hohe Stabilit\u00e4t und Fahrkomfort auch unter anspruchsvollen Gel\u00e4ndebedingungen.<\/p>\n<p data-start=\"634\" data-end=\"849\" data-is-last-node=\"\" data-is-only-node=\"\"><strong data-start=\"634\" data-end=\"647\">R140CSGA4P-Long<\/strong> ist die ideale <strong data-start=\"741\" data-end=\"770\">Zweiachs-Kippwagen<\/strong>-L\u00f6sung f\u00fcr den Transport schwerer G\u00fcter, professionellen Baustellenbetrieb und Feldarbeiten. Es bietet Unternehmen eine zuverl\u00e4ssige, starke und langlebige Investition.<\/p>\n","protected":false},"excerpt":{"rendered":"<p>Der R140CSGA4P-Long ist ein Zweiachs-Kippwagen, der f\u00fcr maximale Effizienz unter Schwerlastbedingungen entwickelt wurde, mit seiner hohen Tragf\u00e4higkeit und robusten Bauweise.<\/p>\n","protected":false},"featured_media":9392,"template":"","meta":[],"product_brand":[],"product_cat":[758],"product_tag":[],"class_list":{"0":"post-7889","1":"product","2":"type-product","3":"status-publish","4":"has-post-thumbnail","6":"product_cat-zweiachser-kippanhanger","8":"first","9":"instock","10":"shipping-taxable","11":"product-type-simple"},"_links":{"self":[{"href":"https:\/\/romsan.com\/de\/wp-json\/wp\/v2\/product\/7889","targetHints":{"allow":["GET"]}}],"collection":[{"href":"https:\/\/romsan.com\/de\/wp-json\/wp\/v2\/product"}],"about":[{"href":"https:\/\/romsan.com\/de\/wp-json\/wp\/v2\/types\/product"}],"version-history":[{"count":0,"href":"https:\/\/romsan.com\/de\/wp-json\/wp\/v2\/product\/7889\/revisions"}],"wp:featuredmedia":[{"embeddable":true,"href":"https:\/\/romsan.com\/de\/wp-json\/wp\/v2\/media\/9392"}],"wp:attachment":[{"href":"https:\/\/romsan.com\/de\/wp-json\/wp\/v2\/media?parent=7889"}],"wp:term":[{"taxonomy":"product_brand","embeddable":true,"href":"https:\/\/romsan.com\/de\/wp-json\/wp\/v2\/product_brand?post=7889"},{"taxonomy":"product_cat","embeddable":true,"href":"https:\/\/romsan.com\/de\/wp-json\/wp\/v2\/product_cat?post=7889"},{"taxonomy":"product_tag","embeddable":true,"href":"https:\/\/romsan.com\/de\/wp-json\/wp\/v2\/product_tag?post=7889"}],"curies":[{"name":"wp","href":"https:\/\/api.w.org\/{rel}","templated":true}]}}