{"id":7893,"date":"2025-10-19T13:51:25","date_gmt":"2025-10-19T13:51:25","guid":{"rendered":"https:\/\/agriculture.romsan.com\/urun\/r08tasgap4\/"},"modified":"2026-03-09T08:02:10","modified_gmt":"2026-03-09T08:02:10","slug":"r08tasgap4","status":"publish","type":"product","link":"https:\/\/romsan.com\/de\/urun\/r08tasgap4\/","title":{"rendered":"R08TASGAP4"},"content":{"rendered":"<p data-start=\"0\" data-end=\"257\">R08TASGAP4, <strong data-start=\"12\" data-end=\"43\">Tandem-Achs-Dumper<\/strong> ist speziell f\u00fcr Fachleute konzipiert, die hohe Leistung, \u00fcberlegene Haltbarkeit und Benutzerfreundlichkeit suchen. Es ist ein starker Partner, der aufgrund seiner hervorragenden Leistung, Langlebigkeit und einfachen Bedienbarkeit sicher in den <strong data-start=\"161\" data-end=\"203\">Baubranchen, der Landwirtschaft und dem Transportsektor<\/strong> eingesetzt werden kann.<\/p>\n<p data-start=\"259\" data-end=\"619\">Dieses Modell bietet effektive L\u00f6sungen f\u00fcr <strong data-start=\"269\" data-end=\"322\">G\u00fctertransport und gewerbliche Nutzung<\/strong>. Dank seines robusten Fahrgestells und leistungsstarken Kippersystems kann es schwere Lasten schnell, effizient und sicher transportieren und entladen. Die <strong data-start=\"483\" data-end=\"507\">Tandem-Achsen-Konstruktion<\/strong> optimiert die Lastverteilung, verbessert die Balance und sorgt auch im unwegsamen Gel\u00e4nde f\u00fcr \u00fcberlegene Traktion und Kontrolle.<\/p>\n<p data-start=\"621\" data-end=\"770\">Mit Parabol-Blattfederung und speziellem Reifendesign bietet es ein <strong data-start=\"719\" data-end=\"761\">komfortables und sicheres Fahrerlebnis<\/strong>, sowohl im st\u00e4dtischen Bereich als auch im Feldeinsatz.<\/p>\n<p data-start=\"772\" data-end=\"935\" data-is-last-node=\"\" data-is-only-node=\"\"><strong data-start=\"772\" data-end=\"786\">R08TASGAP4<\/strong> ist die ideale <strong data-start=\"891\" data-end=\"922\">Tandem-Achs-Dumper-Option<\/strong> f\u00fcr Unternehmen, die hohe Leistung, lange Lebensdauer und Zuverl\u00e4ssigkeit im professionellen Transport suchen.<\/p>\n","protected":false},"excerpt":{"rendered":"<p>R08TASGAP4, Tandem-Achs-Dumper ist speziell f\u00fcr Fachleute konzipiert, die hohe Leistung, \u00fcberlegene Haltbarkeit und Benutzerfreundlichkeit suchen. Es ist ein starker Partner,<\/p>\n","protected":false},"featured_media":9479,"template":"","meta":[],"product_brand":[],"product_cat":[891],"product_tag":[],"class_list":{"0":"post-7893","1":"product","2":"type-product","3":"status-publish","4":"has-post-thumbnail","6":"product_cat-tandem-achs-dumper","8":"first","9":"instock","10":"shipping-taxable","11":"product-type-simple"},"_links":{"self":[{"href":"https:\/\/romsan.com\/de\/wp-json\/wp\/v2\/product\/7893","targetHints":{"allow":["GET"]}}],"collection":[{"href":"https:\/\/romsan.com\/de\/wp-json\/wp\/v2\/product"}],"about":[{"href":"https:\/\/romsan.com\/de\/wp-json\/wp\/v2\/types\/product"}],"version-history":[{"count":0,"href":"https:\/\/romsan.com\/de\/wp-json\/wp\/v2\/product\/7893\/revisions"}],"wp:featuredmedia":[{"embeddable":true,"href":"https:\/\/romsan.com\/de\/wp-json\/wp\/v2\/media\/9479"}],"wp:attachment":[{"href":"https:\/\/romsan.com\/de\/wp-json\/wp\/v2\/media?parent=7893"}],"wp:term":[{"taxonomy":"product_brand","embeddable":true,"href":"https:\/\/romsan.com\/de\/wp-json\/wp\/v2\/product_brand?post=7893"},{"taxonomy":"product_cat","embeddable":true,"href":"https:\/\/romsan.com\/de\/wp-json\/wp\/v2\/product_cat?post=7893"},{"taxonomy":"product_tag","embeddable":true,"href":"https:\/\/romsan.com\/de\/wp-json\/wp\/v2\/product_tag?post=7893"}],"curies":[{"name":"wp","href":"https:\/\/api.w.org\/{rel}","templated":true}]}}