{"id":7895,"date":"2025-10-22T04:40:49","date_gmt":"2025-10-22T04:40:49","guid":{"rendered":"https:\/\/agriculture.romsan.com\/urun\/r12tasgap4\/"},"modified":"2026-03-09T08:04:20","modified_gmt":"2026-03-09T08:04:20","slug":"r12tasgap4","status":"publish","type":"product","link":"https:\/\/romsan.com\/de\/urun\/r12tasgap4\/","title":{"rendered":"R12TASGAP4"},"content":{"rendered":"<p data-start=\"0\" data-end=\"257\">R12TASGAP4, <strong data-start=\"12\" data-end=\"43\">Kipper mit Tandemachse<\/strong>, wurde speziell f\u00fcr Fachleute entwickelt, die hohe Leistung, Langlebigkeit und Benutzerfreundlichkeit in den Bereichen <strong data-start=\"161\" data-end=\"203\">Bau, Landwirtschaft und Transport<\/strong> suchen. Es ist ein zuverl\u00e4ssiger Partner, der aufgrund seiner \u00fcberlegenen Leistung, hohen Haltbarkeit und einfachen Bedienbarkeit bedenkenlos eingesetzt werden kann.<\/p>\n<p data-start=\"259\" data-end=\"619\">Dieses Modell bietet effektive L\u00f6sungen f\u00fcr <strong data-start=\"269\" data-end=\"322\">Transport- und gewerbliche Nutzungsanforderungen<\/strong>. Dank seines robusten Fahrgestells und leistungsstarken Kippersystems kann es schwere Lasten schnell, effizient und sicher transportieren und entladen. Die <strong data-start=\"483\" data-end=\"507\">Tandemachsenkonstruktion<\/strong> optimiert die Lastverteilung, verbessert die Balance und sorgt auch auf unwegsamem Gel\u00e4nde f\u00fcr \u00fcberlegene Traktion und Kontrolle.<\/p>\n<p data-start=\"621\" data-end=\"770\">Mit parabolischer Blattfederung und speziellem Reifendesign bietet es ein <strong data-start=\"719\" data-end=\"761\">komfortables und sicheres Fahrerlebnis<\/strong> sowohl im Stadt- als auch im Gel\u00e4ndeeinsatz.<\/p>\n<p data-start=\"772\" data-end=\"935\" data-is-last-node=\"\" data-is-only-node=\"\"><strong data-start=\"772\" data-end=\"786\">R12TASGAP4<\/strong> ist die ideale <strong data-start=\"891\" data-end=\"922\">Tandemachse-Kipperoption<\/strong> f\u00fcr Unternehmen, die in der professionellen Transportbranche hohe Leistung, lange Lebensdauer und Zuverl\u00e4ssigkeit suchen.<\/p>\n","protected":false},"excerpt":{"rendered":"<p>R12TASGAP4, Kipper mit Tandemachse, wurde speziell f\u00fcr Fachleute entwickelt, die hohe Leistung, Langlebigkeit und Benutzerfreundlichkeit in den Bereichen Bau, Landwirtschaft<\/p>\n","protected":false},"featured_media":9485,"template":"","meta":[],"product_brand":[],"product_cat":[891],"product_tag":[],"class_list":{"0":"post-7895","1":"product","2":"type-product","3":"status-publish","4":"has-post-thumbnail","6":"product_cat-tandem-achs-dumper","8":"first","9":"instock","10":"shipping-taxable","11":"product-type-simple"},"_links":{"self":[{"href":"https:\/\/romsan.com\/de\/wp-json\/wp\/v2\/product\/7895","targetHints":{"allow":["GET"]}}],"collection":[{"href":"https:\/\/romsan.com\/de\/wp-json\/wp\/v2\/product"}],"about":[{"href":"https:\/\/romsan.com\/de\/wp-json\/wp\/v2\/types\/product"}],"version-history":[{"count":0,"href":"https:\/\/romsan.com\/de\/wp-json\/wp\/v2\/product\/7895\/revisions"}],"wp:featuredmedia":[{"embeddable":true,"href":"https:\/\/romsan.com\/de\/wp-json\/wp\/v2\/media\/9485"}],"wp:attachment":[{"href":"https:\/\/romsan.com\/de\/wp-json\/wp\/v2\/media?parent=7895"}],"wp:term":[{"taxonomy":"product_brand","embeddable":true,"href":"https:\/\/romsan.com\/de\/wp-json\/wp\/v2\/product_brand?post=7895"},{"taxonomy":"product_cat","embeddable":true,"href":"https:\/\/romsan.com\/de\/wp-json\/wp\/v2\/product_cat?post=7895"},{"taxonomy":"product_tag","embeddable":true,"href":"https:\/\/romsan.com\/de\/wp-json\/wp\/v2\/product_tag?post=7895"}],"curies":[{"name":"wp","href":"https:\/\/api.w.org\/{rel}","templated":true}]}}