{"id":7897,"date":"2025-10-22T04:45:46","date_gmt":"2025-10-22T04:45:46","guid":{"rendered":"https:\/\/agriculture.romsan.com\/urun\/r14tasgap4\/"},"modified":"2026-03-09T08:05:01","modified_gmt":"2026-03-09T08:05:01","slug":"r14tasgap4","status":"publish","type":"product","link":"https:\/\/romsan.com\/de\/urun\/r14tasgap4\/","title":{"rendered":"R14TASGAP4"},"content":{"rendered":"<p data-start=\"0\" data-end=\"257\">R14TASGAP4, <strong data-start=\"12\" data-end=\"43\">Kippanh\u00e4nger mit Tandemachse<\/strong> ist speziell f\u00fcr Fachleute konzipiert, die hohe Leistung, Langlebigkeit und Benutzerfreundlichkeit in den <strong data-start=\"161\" data-end=\"203\">Baustoff-, Landwirtschafts- und Transportsektoren<\/strong> suchen. Es ist ein starker Partner, der dank seiner \u00fcberlegenen Leistung, hohen Haltbarkeit und einfachen Handhabung zuverl\u00e4ssig gew\u00e4hlt werden kann.<\/p>\n<p data-start=\"259\" data-end=\"619\">Dieses Modell bietet effektive L\u00f6sungen f\u00fcr <strong data-start=\"269\" data-end=\"322\">Frachttransporte und gewerbliche Nutzung<\/strong>. Dank seines robusten Fahrgestells und des leistungsstarken Kippmechanismus k\u00f6nnen schwere Lasten schnell, effizient und sicher transportiert und entladen werden. Die <strong data-start=\"483\" data-end=\"507\">Tandemachsen-Konstruktion<\/strong> optimiert die Lastverteilung, verbessert die Balance und bietet hervorragende Traktion und Kontrolle auch unter schwierigen Gel\u00e4ndebedingungen.<\/p>\n<p data-start=\"621\" data-end=\"770\">Mit parabolischer Blattfederung und spezieller Reifenkonstruktion bietet es ein <strong data-start=\"719\" data-end=\"761\">komfortables und sicheres Fahrerlebnis<\/strong> sowohl in der Stadt als auch im Gel\u00e4nde.<\/p>\n<p data-start=\"772\" data-end=\"935\" data-is-last-node=\"\" data-is-only-node=\"\"><strong data-start=\"772\" data-end=\"786\">R14TASGAP4<\/strong> ist die ideale <strong data-start=\"891\" data-end=\"922\">Option eines Kippanh\u00e4ngers mit Tandemachse<\/strong> f\u00fcr Unternehmen, die hohe Leistung, lange Lebensdauer und Zuverl\u00e4ssigkeit im professionellen Transport suchen.<\/p>\n","protected":false},"excerpt":{"rendered":"<p>R14TASGAP4, Kippanh\u00e4nger mit Tandemachse ist speziell f\u00fcr Fachleute konzipiert, die hohe Leistung, Langlebigkeit und Benutzerfreundlichkeit in den Baustoff-, Landwirtschafts- und<\/p>\n","protected":false},"featured_media":9488,"template":"","meta":[],"product_brand":[],"product_cat":[891],"product_tag":[],"class_list":{"0":"post-7897","1":"product","2":"type-product","3":"status-publish","4":"has-post-thumbnail","6":"product_cat-tandem-achs-dumper","8":"first","9":"instock","10":"shipping-taxable","11":"product-type-simple"},"_links":{"self":[{"href":"https:\/\/romsan.com\/de\/wp-json\/wp\/v2\/product\/7897","targetHints":{"allow":["GET"]}}],"collection":[{"href":"https:\/\/romsan.com\/de\/wp-json\/wp\/v2\/product"}],"about":[{"href":"https:\/\/romsan.com\/de\/wp-json\/wp\/v2\/types\/product"}],"version-history":[{"count":0,"href":"https:\/\/romsan.com\/de\/wp-json\/wp\/v2\/product\/7897\/revisions"}],"wp:featuredmedia":[{"embeddable":true,"href":"https:\/\/romsan.com\/de\/wp-json\/wp\/v2\/media\/9488"}],"wp:attachment":[{"href":"https:\/\/romsan.com\/de\/wp-json\/wp\/v2\/media?parent=7897"}],"wp:term":[{"taxonomy":"product_brand","embeddable":true,"href":"https:\/\/romsan.com\/de\/wp-json\/wp\/v2\/product_brand?post=7897"},{"taxonomy":"product_cat","embeddable":true,"href":"https:\/\/romsan.com\/de\/wp-json\/wp\/v2\/product_cat?post=7897"},{"taxonomy":"product_tag","embeddable":true,"href":"https:\/\/romsan.com\/de\/wp-json\/wp\/v2\/product_tag?post=7897"}],"curies":[{"name":"wp","href":"https:\/\/api.w.org\/{rel}","templated":true}]}}