{"id":9103,"date":"2025-10-27T09:28:40","date_gmt":"2025-10-27T09:28:40","guid":{"rendered":"https:\/\/agriculture.romsan.com\/urun\/r12000tk4p-suma\/"},"modified":"2025-10-27T09:28:40","modified_gmt":"2025-10-27T09:28:40","slug":"r12000tk4p-suma","status":"publish","type":"product","link":"https:\/\/romsan.com\/de\/urun\/r12000tk4p-suma\/","title":{"rendered":"R12000TK4P -SUMA"},"content":{"rendered":"<p>Der R12000TK4P-SUMA wurde speziell f\u00fcr professionelle Unternehmen und Institutionen entwickelt, die einen L\u00f6schwassertank ben\u00f6tigen und dabei h\u00f6chste Sicherheit, Langlebigkeit und Kapazit\u00e4t voraussetzen. Dieses Modell bietet schnelle und effektive L\u00f6sungen bei Notfalleins\u00e4tzen und ist ein zuverl\u00e4ssiger Bestandteil von Brandbek\u00e4mpfungssystemen.<\/p>\n<p>Sein hohes Wasservolumen gew\u00e4hrleistet eine unterbrechungsfreie Wasserversorgung f\u00fcr die Brandbek\u00e4mpfung auf gro\u00dfen Fl\u00e4chen. Dank seines robusten Stahlgeh\u00e4uses und der korrosionsbest\u00e4ndigen Konstruktion ist der R12000TK4P-SUMA besonders langlebig. Er l\u00e4sst sich zudem nahtlos mit optionalen Pumpen und Anschlusssystemen integrieren und ist somit optimal auf Feuerwehrfahrzeuge, Bew\u00e4sserungssysteme und Ausr\u00fcstung f\u00fcr den Rettungsdienst abgestimmt.<\/p>\n<p>Die stabile Fahrgestellkonstruktion und das ausgewogene Achssystem sorgen f\u00fcr hohe Stabilit\u00e4t und sicheren Transport, selbst bei voller Beladung. Der auslaufsichere Tank garantiert die sichere Wasserspeicherung auch unter widrigen Umgebungsbedingungen.<\/p>\n<p>Der R12000TK4P-SUMA ist die ideale L\u00f6schwassertankl\u00f6sung und bietet hohe Kapazit\u00e4t, Zuverl\u00e4ssigkeit und Langlebigkeit f\u00fcr Brandschutz, Rettungsdienste und die Wasserspeicherung.<\/p>\n","protected":false},"excerpt":{"rendered":"<p>Der R12000TK4P-SUMA wurde speziell f\u00fcr professionelle Unternehmen und Institutionen entwickelt, die einen L\u00f6schwassertank ben\u00f6tigen und dabei h\u00f6chste Sicherheit, Langlebigkeit und<\/p>\n","protected":false},"featured_media":6737,"template":"","meta":[],"product_brand":[],"product_cat":[70],"product_tag":[],"class_list":{"0":"post-9103","1":"product","2":"type-product","3":"status-publish","4":"has-post-thumbnail","6":"product_cat-kategorisiz","8":"first","9":"instock","10":"shipping-taxable","11":"product-type-simple"},"_links":{"self":[{"href":"https:\/\/romsan.com\/de\/wp-json\/wp\/v2\/product\/9103","targetHints":{"allow":["GET"]}}],"collection":[{"href":"https:\/\/romsan.com\/de\/wp-json\/wp\/v2\/product"}],"about":[{"href":"https:\/\/romsan.com\/de\/wp-json\/wp\/v2\/types\/product"}],"version-history":[{"count":0,"href":"https:\/\/romsan.com\/de\/wp-json\/wp\/v2\/product\/9103\/revisions"}],"wp:featuredmedia":[{"embeddable":true,"href":"https:\/\/romsan.com\/de\/wp-json\/wp\/v2\/media\/6737"}],"wp:attachment":[{"href":"https:\/\/romsan.com\/de\/wp-json\/wp\/v2\/media?parent=9103"}],"wp:term":[{"taxonomy":"product_brand","embeddable":true,"href":"https:\/\/romsan.com\/de\/wp-json\/wp\/v2\/product_brand?post=9103"},{"taxonomy":"product_cat","embeddable":true,"href":"https:\/\/romsan.com\/de\/wp-json\/wp\/v2\/product_cat?post=9103"},{"taxonomy":"product_tag","embeddable":true,"href":"https:\/\/romsan.com\/de\/wp-json\/wp\/v2\/product_tag?post=9103"}],"curies":[{"name":"wp","href":"https:\/\/api.w.org\/{rel}","templated":true}]}}