{"id":9808,"date":"2025-10-27T09:54:00","date_gmt":"2025-10-27T09:54:00","guid":{"rendered":"https:\/\/romsan.com\/urun\/verzinkter-tankwagen\/"},"modified":"2026-03-18T06:33:47","modified_gmt":"2026-03-18T06:33:47","slug":"verzinkter-tankwagen","status":"publish","type":"product","link":"https:\/\/romsan.com\/de\/urun\/verzinkter-tankwagen\/","title":{"rendered":"Verzinkter Tankwagen"},"content":{"rendered":"<p>Der feuerverzinkte Tankwagen zeichnet sich durch Langlebigkeit, Hygiene und eine lange Lebensdauer aus. Seine vollst\u00e4ndig feuerverzinkte Karosserie bietet optimalen Schutz vor Korrosion, Abrieb und rauen Umwelteinfl\u00fcssen. Damit ist er die ideale L\u00f6sung f\u00fcr den sicheren Transport von Wasser, Fl\u00fcssigd\u00fcnger und \u00e4hnlichen Fl\u00fcssigkeiten in Landwirtschaft, Industrie, Transportwesen und Kommunalverwaltung.<\/p>\n<p>Dank seiner robusten Fahrgestellkonstruktion und hochfesten Verbindungsstellen gew\u00e4hrleistet er auch bei intensiver Nutzung einen stabilen Betrieb. Der feuerverzinkte Tankwagen ist auf Anfrage mit verschiedenen Kapazit\u00e4ten und Ausstattungsoptionen erh\u00e4ltlich und bietet so eine vollst\u00e4ndig kompatible und ma\u00dfgeschneiderte L\u00f6sung f\u00fcr Ihren jeweiligen Einsatzzweck.<\/p>\n<p>Seine auslaufsichere Karosserie erm\u00f6glicht einen sicheren Transport, w\u00e4hrend optionale Pumpen-, Ventil- und Anschlusssysteme einen effektiven Einsatz in Bereichen wie Bew\u00e4sserung, Reinigung, Brandbek\u00e4mpfung oder Fl\u00fcssigkeitsverteilung gew\u00e4hrleisten.<\/p>\n<p>Der feuerverzinkte Tankwagen ist die ideale L\u00f6sung f\u00fcr Unternehmen, die Wert auf Langlebigkeit, hohe Belastbarkeit und zuverl\u00e4ssige Leistung legen.<\/p>\n","protected":false},"excerpt":{"rendered":"<p>Der feuerverzinkte Tankwagen zeichnet sich durch Langlebigkeit, Hygiene und eine lange Lebensdauer aus. Seine vollst\u00e4ndig feuerverzinkte Karosserie bietet optimalen Schutz<\/p>\n","protected":false},"featured_media":9812,"template":"","meta":[],"product_brand":[],"product_cat":[704],"product_tag":[],"class_list":{"0":"post-9808","1":"product","2":"type-product","3":"status-publish","4":"has-post-thumbnail","6":"product_cat-anhanger-fur-kommunen-und-landwirtschaftliche-betriebe","8":"first","9":"instock","10":"shipping-taxable","11":"product-type-simple"},"_links":{"self":[{"href":"https:\/\/romsan.com\/de\/wp-json\/wp\/v2\/product\/9808","targetHints":{"allow":["GET"]}}],"collection":[{"href":"https:\/\/romsan.com\/de\/wp-json\/wp\/v2\/product"}],"about":[{"href":"https:\/\/romsan.com\/de\/wp-json\/wp\/v2\/types\/product"}],"version-history":[{"count":1,"href":"https:\/\/romsan.com\/de\/wp-json\/wp\/v2\/product\/9808\/revisions"}],"predecessor-version":[{"id":9813,"href":"https:\/\/romsan.com\/de\/wp-json\/wp\/v2\/product\/9808\/revisions\/9813"}],"wp:featuredmedia":[{"embeddable":true,"href":"https:\/\/romsan.com\/de\/wp-json\/wp\/v2\/media\/9812"}],"wp:attachment":[{"href":"https:\/\/romsan.com\/de\/wp-json\/wp\/v2\/media?parent=9808"}],"wp:term":[{"taxonomy":"product_brand","embeddable":true,"href":"https:\/\/romsan.com\/de\/wp-json\/wp\/v2\/product_brand?post=9808"},{"taxonomy":"product_cat","embeddable":true,"href":"https:\/\/romsan.com\/de\/wp-json\/wp\/v2\/product_cat?post=9808"},{"taxonomy":"product_tag","embeddable":true,"href":"https:\/\/romsan.com\/de\/wp-json\/wp\/v2\/product_tag?post=9808"}],"curies":[{"name":"wp","href":"https:\/\/api.w.org\/{rel}","templated":true}]}}