{"id":8581,"date":"2025-10-19T12:22:45","date_gmt":"2025-10-19T12:22:45","guid":{"rendered":"https:\/\/agriculture.romsan.com\/urun\/r80csga4p\/"},"modified":"2025-10-19T12:22:45","modified_gmt":"2025-10-19T12:22:45","slug":"r80csga4p","status":"publish","type":"product","link":"https:\/\/romsan.com\/fr\/urun\/r80csga4p\/","title":{"rendered":"R80CSGA4P"},"content":{"rendered":"<p data-start=\"0\" data-end=\"320\">Le R80CSGA4P est un <strong data-start=\"11\" data-end=\"40\">camion benne \u00e0 essieu double<\/strong> con\u00e7u pour offrir une efficacit\u00e9 maximale dans des conditions de travail lourdes gr\u00e2ce \u00e0 sa <strong data-start=\"42\" data-end=\"70\">haute capacit\u00e9 de charge<\/strong> et sa <strong data-start=\"74\" data-end=\"91\">structure durable<\/strong>. D\u00e9velopp\u00e9 pour une utilisation professionnelle dans les secteurs de la construction, de l&rsquo;agriculture, de l&rsquo;exploitation mini\u00e8re et du transport, ce mod\u00e8le se distingue par sa durabilit\u00e9 et ses performances sup\u00e9rieures.<\/p>\n<p data-start=\"322\" data-end=\"632\">Son moteur puissant, son ch\u00e2ssis robuste et son syst\u00e8me \u00e0 essieu double lui permettent de transporter en toute s\u00e9curit\u00e9 des charges lourdes. Le m\u00e9canisme de d\u00e9chargement avanc\u00e9 permet un d\u00e9chargement rapide, pratique et s\u00e9curis\u00e9 des mat\u00e9riaux. La suspension \u00e0 ressorts paraboliques et les pneus sp\u00e9cialement con\u00e7us offrent un excellent \u00e9quilibre et un confort de conduite m\u00eame dans des conditions de terrain difficiles.<\/p>\n<p data-start=\"634\" data-end=\"849\" data-is-last-node=\"\" data-is-only-node=\"\"><strong data-start=\"634\" data-end=\"647\">Le R80CSGA4P<\/strong> est la solution la plus adapt\u00e9e de <strong data-start=\"741\" data-end=\"770\">camion benne \u00e0 essieu double<\/strong> pour le transport de charges lourdes, le transport professionnel de mat\u00e9riaux de construction et les op\u00e9rations sur le terrain. Il offre aux entreprises un investissement fiable, puissant et durable.<\/p>\n","protected":false},"excerpt":{"rendered":"<p>Le R80CSGA4P est un camion benne \u00e0 essieu double con\u00e7u pour offrir une efficacit\u00e9 maximale dans des conditions de travail<\/p>\n","protected":false},"featured_media":0,"template":"","meta":[],"product_brand":[],"product_cat":[948],"product_tag":[],"class_list":{"0":"post-8581","1":"product","2":"type-product","3":"status-publish","5":"product_cat-camion-benne-a-essieu-double","7":"first","8":"instock","9":"shipping-taxable","10":"product-type-simple"},"_links":{"self":[{"href":"https:\/\/romsan.com\/fr\/wp-json\/wp\/v2\/product\/8581","targetHints":{"allow":["GET"]}}],"collection":[{"href":"https:\/\/romsan.com\/fr\/wp-json\/wp\/v2\/product"}],"about":[{"href":"https:\/\/romsan.com\/fr\/wp-json\/wp\/v2\/types\/product"}],"version-history":[{"count":0,"href":"https:\/\/romsan.com\/fr\/wp-json\/wp\/v2\/product\/8581\/revisions"}],"wp:attachment":[{"href":"https:\/\/romsan.com\/fr\/wp-json\/wp\/v2\/media?parent=8581"}],"wp:term":[{"taxonomy":"product_brand","embeddable":true,"href":"https:\/\/romsan.com\/fr\/wp-json\/wp\/v2\/product_brand?post=8581"},{"taxonomy":"product_cat","embeddable":true,"href":"https:\/\/romsan.com\/fr\/wp-json\/wp\/v2\/product_cat?post=8581"},{"taxonomy":"product_tag","embeddable":true,"href":"https:\/\/romsan.com\/fr\/wp-json\/wp\/v2\/product_tag?post=8581"}],"curies":[{"name":"wp","href":"https:\/\/api.w.org\/{rel}","templated":true}]}}