{"id":8649,"date":"2025-10-20T07:12:51","date_gmt":"2025-10-20T07:12:51","guid":{"rendered":"https:\/\/agriculture.romsan.com\/urun\/r10tasgap4\/"},"modified":"2025-10-20T07:12:51","modified_gmt":"2025-10-20T07:12:51","slug":"r10tasgap4","status":"publish","type":"product","link":"https:\/\/romsan.com\/fr\/urun\/r10tasgap4\/","title":{"rendered":"R10TASGAP4"},"content":{"rendered":"<p data-start=\"0\" data-end=\"257\">Le R10TASGAP4, <strong data-start=\"12\" data-end=\"43\">camion benne \u00e0 essieu tandem<\/strong> est sp\u00e9cialement con\u00e7u pour les professionnels recherchant des performances \u00e9lev\u00e9es, une durabilit\u00e9 sup\u00e9rieure et une facilit\u00e9 d&rsquo;utilisation. C&rsquo;est un partenaire robuste qui peut \u00eatre choisi en toute s\u00e9curit\u00e9 dans les secteurs <strong data-start=\"161\" data-end=\"203\">de la construction, de l&rsquo;agriculture et du transport<\/strong> gr\u00e2ce \u00e0 ses performances exceptionnelles, sa durabilit\u00e9 longue dur\u00e9e et sa facilit\u00e9 d&rsquo;utilisation.<\/p>\n<p data-start=\"259\" data-end=\"619\">Ce mod\u00e8le fournit des solutions efficaces pour les <strong data-start=\"269\" data-end=\"322\">besoins de transport de marchandises et d&rsquo;utilisation commerciale<\/strong>. Gr\u00e2ce \u00e0 son ch\u00e2ssis robuste et son puissant syst\u00e8me de d\u00e9chargement, il peut transporter et d\u00e9charger des charges lourdes rapidement, efficacement et en toute s\u00e9curit\u00e9. La <strong data-start=\"483\" data-end=\"507\">structure \u00e0 essieu tandem<\/strong> optimise la r\u00e9partition de la charge, am\u00e9liorant l&rsquo;\u00e9quilibre et offrant une traction et un contr\u00f4le sup\u00e9rieurs m\u00eame sur des terrains accident\u00e9s.<\/p>\n<p data-start=\"621\" data-end=\"770\">Avec sa suspension \u00e0 ressorts paraboliques et son design de pneus sp\u00e9cial, il offre une <strong data-start=\"719\" data-end=\"761\">exp\u00e9rience de conduite confortable et s\u00fbre<\/strong> tant en ville qu&rsquo;en utilisation sur le terrain.<\/p>\n<p data-start=\"772\" data-end=\"935\" data-is-last-node=\"\" data-is-only-node=\"\"><strong data-start=\"772\" data-end=\"786\">Le R10TASGAP4<\/strong> est l&rsquo;option id\u00e9ale de <strong data-start=\"891\" data-end=\"922\">camion benne \u00e0 essieu tandem<\/strong> pour les entreprises recherchant des performances \u00e9lev\u00e9es, une longue dur\u00e9e de vie et une fiabilit\u00e9 dans le transport professionnel.<\/p>\n","protected":false},"excerpt":{"rendered":"<p>Le R10TASGAP4, camion benne \u00e0 essieu tandem est sp\u00e9cialement con\u00e7u pour les professionnels recherchant des performances \u00e9lev\u00e9es, une durabilit\u00e9 sup\u00e9rieure<\/p>\n","protected":false},"featured_media":0,"template":"","meta":[],"product_brand":[],"product_cat":[1022],"product_tag":[],"class_list":{"0":"post-8649","1":"product","2":"type-product","3":"status-publish","5":"product_cat-benne-a-essieu-tandem","7":"first","8":"instock","9":"shipping-taxable","10":"product-type-simple"},"_links":{"self":[{"href":"https:\/\/romsan.com\/fr\/wp-json\/wp\/v2\/product\/8649","targetHints":{"allow":["GET"]}}],"collection":[{"href":"https:\/\/romsan.com\/fr\/wp-json\/wp\/v2\/product"}],"about":[{"href":"https:\/\/romsan.com\/fr\/wp-json\/wp\/v2\/types\/product"}],"version-history":[{"count":0,"href":"https:\/\/romsan.com\/fr\/wp-json\/wp\/v2\/product\/8649\/revisions"}],"wp:attachment":[{"href":"https:\/\/romsan.com\/fr\/wp-json\/wp\/v2\/media?parent=8649"}],"wp:term":[{"taxonomy":"product_brand","embeddable":true,"href":"https:\/\/romsan.com\/fr\/wp-json\/wp\/v2\/product_brand?post=8649"},{"taxonomy":"product_cat","embeddable":true,"href":"https:\/\/romsan.com\/fr\/wp-json\/wp\/v2\/product_cat?post=8649"},{"taxonomy":"product_tag","embeddable":true,"href":"https:\/\/romsan.com\/fr\/wp-json\/wp\/v2\/product_tag?post=8649"}],"curies":[{"name":"wp","href":"https:\/\/api.w.org\/{rel}","templated":true}]}}