{"id":8662,"date":"2025-10-22T04:45:46","date_gmt":"2025-10-22T04:45:46","guid":{"rendered":"https:\/\/agriculture.romsan.com\/urun\/r14tasgap4\/"},"modified":"2025-10-22T04:45:46","modified_gmt":"2025-10-22T04:45:46","slug":"r14tasgap4","status":"publish","type":"product","link":"https:\/\/romsan.com\/fr\/urun\/r14tasgap4\/","title":{"rendered":"R14TASGAP4"},"content":{"rendered":"<p data-start=\"0\" data-end=\"257\">R14TASGAP4, <strong data-start=\"12\" data-end=\"43\">camion-benne \u00e0 essieu tandem<\/strong> sp\u00e9cialement con\u00e7u pour les professionnels \u00e0 la recherche de hautes performances, de durabilit\u00e9 et de facilit\u00e9 d&rsquo;utilisation dans les <strong data-start=\"161\" data-end=\"203\">secteurs de la construction, de l&rsquo;agriculture et du transport<\/strong>. C&rsquo;est un partenaire solide qui peut \u00eatre pr\u00e9f\u00e9r\u00e9 en toute s\u00e9curit\u00e9 gr\u00e2ce \u00e0 ses performances sup\u00e9rieures, sa grande durabilit\u00e9 et sa facilit\u00e9 d&rsquo;utilisation.<\/p>\n<p data-start=\"259\" data-end=\"619\">Ce mod\u00e8le offre des solutions efficaces pour les besoins de <strong data-start=\"269\" data-end=\"322\">transport de marchandises et d&rsquo;utilisation commerciale<\/strong>. Gr\u00e2ce \u00e0 son ch\u00e2ssis robuste et son puissant syst\u00e8me de d\u00e9chargement, il peut transporter et d\u00e9charger des charges lourdes rapidement, efficacement et en toute s\u00e9curit\u00e9. La <strong data-start=\"483\" data-end=\"507\">structure \u00e0 essieu tandem<\/strong> optimise la r\u00e9partition de la charge, am\u00e9liorant ainsi l&rsquo;\u00e9quilibre et offrant une traction et un contr\u00f4le sup\u00e9rieurs, m\u00eame dans des conditions de terrain difficiles.<\/p>\n<p data-start=\"621\" data-end=\"770\">Avec sa suspension \u00e0 ressorts paraboliques et son design sp\u00e9cial de pneus, il offre une <strong data-start=\"719\" data-end=\"761\">exp\u00e9rience de conduite confortable et s\u00fbre<\/strong> tant en ville qu&rsquo;en milieu rural.<\/p>\n<p data-start=\"772\" data-end=\"935\" data-is-last-node=\"\" data-is-only-node=\"\"><strong data-start=\"772\" data-end=\"786\">R14TASGAP4<\/strong> est l&rsquo;option id\u00e9ale de <strong data-start=\"891\" data-end=\"922\">camion-benne \u00e0 essieu tandem<\/strong> pour les entreprises recherchant des performances \u00e9lev\u00e9es, une longue dur\u00e9e de vie et une fiabilit\u00e9 dans le transport professionnel.<\/p>\n","protected":false},"excerpt":{"rendered":"<p>R14TASGAP4, camion-benne \u00e0 essieu tandem sp\u00e9cialement con\u00e7u pour les professionnels \u00e0 la recherche de hautes performances, de durabilit\u00e9 et de<\/p>\n","protected":false},"featured_media":0,"template":"","meta":[],"product_brand":[],"product_cat":[1022],"product_tag":[],"class_list":{"0":"post-8662","1":"product","2":"type-product","3":"status-publish","5":"product_cat-benne-a-essieu-tandem","7":"first","8":"instock","9":"shipping-taxable","10":"product-type-simple"},"_links":{"self":[{"href":"https:\/\/romsan.com\/fr\/wp-json\/wp\/v2\/product\/8662","targetHints":{"allow":["GET"]}}],"collection":[{"href":"https:\/\/romsan.com\/fr\/wp-json\/wp\/v2\/product"}],"about":[{"href":"https:\/\/romsan.com\/fr\/wp-json\/wp\/v2\/types\/product"}],"version-history":[{"count":0,"href":"https:\/\/romsan.com\/fr\/wp-json\/wp\/v2\/product\/8662\/revisions"}],"wp:attachment":[{"href":"https:\/\/romsan.com\/fr\/wp-json\/wp\/v2\/media?parent=8662"}],"wp:term":[{"taxonomy":"product_brand","embeddable":true,"href":"https:\/\/romsan.com\/fr\/wp-json\/wp\/v2\/product_brand?post=8662"},{"taxonomy":"product_cat","embeddable":true,"href":"https:\/\/romsan.com\/fr\/wp-json\/wp\/v2\/product_cat?post=8662"},{"taxonomy":"product_tag","embeddable":true,"href":"https:\/\/romsan.com\/fr\/wp-json\/wp\/v2\/product_tag?post=8662"}],"curies":[{"name":"wp","href":"https:\/\/api.w.org\/{rel}","templated":true}]}}