{"id":8682,"date":"2025-10-22T05:10:44","date_gmt":"2025-10-22T05:10:44","guid":{"rendered":"https:\/\/agriculture.romsan.com\/urun\/r120tahkp4\/"},"modified":"2025-10-22T05:10:44","modified_gmt":"2025-10-22T05:10:44","slug":"r120tahkp4","status":"publish","type":"product","link":"https:\/\/romsan.com\/fr\/urun\/r120tahkp4\/","title":{"rendered":"R120TAHKP4"},"content":{"rendered":"<p data-start=\"0\" data-end=\"254\">R120TAHKP4, <strong data-start=\"12\" data-end=\"45\">con\u00e7u sp\u00e9cifiquement pour les professionnels \u00e0 la recherche de camions-bennes \u00e0 essieu tandem<\/strong>. Gr\u00e2ce \u00e0 ses hautes performances, sa structure durable et son utilisation pratique, il s&rsquo;agit d&rsquo;une solution commerciale puissante qui peut \u00eatre pr\u00e9f\u00e9r\u00e9e en toute s\u00e9curit\u00e9 dans les <strong data-start=\"158\" data-end=\"200\">secteurs de la construction, de l&rsquo;agriculture et du transport<\/strong>.<\/p>\n<p data-start=\"256\" data-end=\"624\">Ce mod\u00e8le r\u00e9pond pleinement aux besoins du <strong data-start=\"266\" data-end=\"319\">transport de marchandises et de l&rsquo;utilisation commerciale<\/strong>. Gr\u00e2ce \u00e0 sa benne durable, vous pouvez transporter en toute s\u00e9curit\u00e9, de mani\u00e8re ordonn\u00e9e et efficace divers types de charges. Le <strong data-start=\"461\" data-end=\"485\">syst\u00e8me \u00e0 essieu tandem<\/strong> r\u00e9partit la charge de mani\u00e8re homog\u00e8ne, offrant une grande stabilit\u00e9 au v\u00e9hicule et une traction et un contr\u00f4le sup\u00e9rieurs, m\u00eame dans des conditions de terrain difficiles.<\/p>\n<p data-start=\"626\" data-end=\"787\">La suspension \u00e0 ressorts paraboliques et les pneus sp\u00e9cialement con\u00e7us offrent une <strong data-start=\"727\" data-end=\"778\">exp\u00e9rience de conduite confortable, \u00e9quilibr\u00e9e et s\u00fbre<\/strong> pour une utilisation en milieu urbain ou hors route.<\/p>\n<p data-start=\"789\" data-end=\"963\" data-is-last-node=\"\" data-is-only-node=\"\"><strong data-start=\"789\" data-end=\"803\">R120TAHKP4<\/strong> est l&rsquo;option id\u00e9ale de <strong data-start=\"917\" data-end=\"950\">camion-benne \u00e0 essieu tandem<\/strong> pour les entreprises recherchant une longue dur\u00e9e de vie, des performances \u00e9lev\u00e9es et une fiabilit\u00e9 maximale dans le transport professionnel.<\/p>\n","protected":false},"excerpt":{"rendered":"<p>R120TAHKP4, con\u00e7u sp\u00e9cifiquement pour les professionnels \u00e0 la recherche de camions-bennes \u00e0 essieu tandem. Gr\u00e2ce \u00e0 ses hautes performances, sa<\/p>\n","protected":false},"featured_media":0,"template":"","meta":[],"product_brand":[],"product_cat":[1046],"product_tag":[],"class_list":{"0":"post-8682","1":"product","2":"type-product","3":"status-publish","5":"product_cat-caisson-a-essieu-tandem","7":"first","8":"instock","9":"shipping-taxable","10":"product-type-simple"},"_links":{"self":[{"href":"https:\/\/romsan.com\/fr\/wp-json\/wp\/v2\/product\/8682","targetHints":{"allow":["GET"]}}],"collection":[{"href":"https:\/\/romsan.com\/fr\/wp-json\/wp\/v2\/product"}],"about":[{"href":"https:\/\/romsan.com\/fr\/wp-json\/wp\/v2\/types\/product"}],"version-history":[{"count":0,"href":"https:\/\/romsan.com\/fr\/wp-json\/wp\/v2\/product\/8682\/revisions"}],"wp:attachment":[{"href":"https:\/\/romsan.com\/fr\/wp-json\/wp\/v2\/media?parent=8682"}],"wp:term":[{"taxonomy":"product_brand","embeddable":true,"href":"https:\/\/romsan.com\/fr\/wp-json\/wp\/v2\/product_brand?post=8682"},{"taxonomy":"product_cat","embeddable":true,"href":"https:\/\/romsan.com\/fr\/wp-json\/wp\/v2\/product_cat?post=8682"},{"taxonomy":"product_tag","embeddable":true,"href":"https:\/\/romsan.com\/fr\/wp-json\/wp\/v2\/product_tag?post=8682"}],"curies":[{"name":"wp","href":"https:\/\/api.w.org\/{rel}","templated":true}]}}