{"id":8705,"date":"2025-10-22T05:37:20","date_gmt":"2025-10-22T05:37:20","guid":{"rendered":"https:\/\/agriculture.romsan.com\/urun\/r20tr0hkp\/"},"modified":"2025-10-22T05:37:20","modified_gmt":"2025-10-22T05:37:20","slug":"r20tr0hkp","status":"publish","type":"product","link":"https:\/\/romsan.com\/fr\/urun\/r20tr0hkp\/","title":{"rendered":"R20TR0HKP"},"content":{"rendered":"<p data-start=\"0\" data-end=\"306\">Le R20TR0HKP est con\u00e7u pour offrir des performances sup\u00e9rieures et une grande durabilit\u00e9, destin\u00e9 aux professionnels \u00e0 la recherche de <strong data-start=\"11\" data-end=\"44\">v\u00e9hicules \u00e0 benne basculante \u00e0 essieu tridem<\/strong>. Avec sa structure robuste, sa haute capacit\u00e9 de charge et sa facilit\u00e9 d&rsquo;utilisation, il constitue une solution lourde pouvant \u00eatre choisie en toute confiance dans les secteurs de la <strong data-start=\"199\" data-end=\"253\">construction, de l&rsquo;exploitation mini\u00e8re, de l&rsquo;agriculture et du transport<\/strong>.<\/p>\n<p data-start=\"308\" data-end=\"668\">Ce mod\u00e8le offre une efficacit\u00e9 maximale pour le <strong data-start=\"318\" data-end=\"361\">transport de charges et les op\u00e9rations commerciales<\/strong>. La benne robuste assure un transport s\u00fbr et ordonn\u00e9 de diff\u00e9rents types de charges. Le <strong data-start=\"489\" data-end=\"514\">syst\u00e8me d\u2019essieu tridem<\/strong> garantit une r\u00e9partition \u00e9quilibr\u00e9e des charges, augmente la capacit\u00e9 de transport du v\u00e9hicule et offre une stabilit\u00e9 et une traction sup\u00e9rieures m\u00eame dans les conditions de terrain les plus difficiles.<\/p>\n<p data-start=\"670\" data-end=\"841\">Gr\u00e2ce \u00e0 la suspension \u00e0 ressorts paraboliques et aux pneus sp\u00e9cialement con\u00e7us, il offre une <strong data-start=\"780\" data-end=\"831\">exp\u00e9rience de conduite confortable, \u00e9quilibr\u00e9e et s\u00fbre<\/strong> tant en milieu urbain qu\u2019en tout-terrain.<\/p>\n<p data-start=\"843\" data-end=\"1016\" data-is-last-node=\"\" data-is-only-node=\"\"><strong data-start=\"843\" data-end=\"856\">Le R20TR0HKP<\/strong> est le choix id\u00e9al de <strong data-start=\"970\" data-end=\"1003\">v\u00e9hicule \u00e0 benne basculante \u00e0 essieu tridem<\/strong> pour les entreprises recherchant une grande durabilit\u00e9, une longue dur\u00e9e de vie et une efficacit\u00e9 maximale dans le transport professionnel.<\/p>\n","protected":false},"excerpt":{"rendered":"<p>Le R20TR0HKP est con\u00e7u pour offrir des performances sup\u00e9rieures et une grande durabilit\u00e9, destin\u00e9 aux professionnels \u00e0 la recherche de<\/p>\n","protected":false},"featured_media":0,"template":"","meta":[],"product_brand":[],"product_cat":[1095],"product_tag":[],"class_list":{"0":"post-8705","1":"product","2":"type-product","3":"status-publish","5":"product_cat-tridem-essieu-a-benne-basculante","7":"first","8":"instock","9":"shipping-taxable","10":"product-type-simple"},"_links":{"self":[{"href":"https:\/\/romsan.com\/fr\/wp-json\/wp\/v2\/product\/8705","targetHints":{"allow":["GET"]}}],"collection":[{"href":"https:\/\/romsan.com\/fr\/wp-json\/wp\/v2\/product"}],"about":[{"href":"https:\/\/romsan.com\/fr\/wp-json\/wp\/v2\/types\/product"}],"version-history":[{"count":0,"href":"https:\/\/romsan.com\/fr\/wp-json\/wp\/v2\/product\/8705\/revisions"}],"wp:attachment":[{"href":"https:\/\/romsan.com\/fr\/wp-json\/wp\/v2\/media?parent=8705"}],"wp:term":[{"taxonomy":"product_brand","embeddable":true,"href":"https:\/\/romsan.com\/fr\/wp-json\/wp\/v2\/product_brand?post=8705"},{"taxonomy":"product_cat","embeddable":true,"href":"https:\/\/romsan.com\/fr\/wp-json\/wp\/v2\/product_cat?post=8705"},{"taxonomy":"product_tag","embeddable":true,"href":"https:\/\/romsan.com\/fr\/wp-json\/wp\/v2\/product_tag?post=8705"}],"curies":[{"name":"wp","href":"https:\/\/api.w.org\/{rel}","templated":true}]}}