{"id":8708,"date":"2025-10-22T05:47:39","date_gmt":"2025-10-22T05:47:39","guid":{"rendered":"https:\/\/agriculture.romsan.com\/urun\/r150ubl\/"},"modified":"2025-10-22T05:47:39","modified_gmt":"2025-10-22T05:47:39","slug":"r150ubl","status":"publish","type":"product","link":"https:\/\/romsan.com\/fr\/urun\/r150ubl\/","title":{"rendered":"R150UBL"},"content":{"rendered":"<p data-start=\"0\" data-end=\"319\">Le R150UBL est con\u00e7u avec une grande capacit\u00e9 de charge, une durabilit\u00e9 et une facilit\u00e9 d&rsquo;utilisation comme principales priorit\u00e9s pour les professionnels \u00e0 la recherche de <strong data-start=\"9\" data-end=\"33\">remorques de transport de balles<\/strong>. D\u00e9velopp\u00e9 pour r\u00e9pondre aux besoins de transport de charges lourdes dans le secteur agricole, ce mod\u00e8le constitue une solution fiable pour le transport de <strong data-start=\"240\" data-end=\"293\">balles, foin, paille et produits agricoles<\/strong>.<\/p>\n<p data-start=\"321\" data-end=\"563\">Avec sa structure de ch\u00e2ssis robuste et sa grande aire de chargement, vous pouvez transporter des charges volumineuses en toute s\u00e9curit\u00e9 et de mani\u00e8re \u00e9quilibr\u00e9e. <strong data-start=\"444\" data-end=\"455\">Le R150UBL<\/strong> permet des gains de temps et de main-d&rsquo;\u0153uvre gr\u00e2ce \u00e0 son design pratique qui facilite le chargement et le d\u00e9chargement des mat\u00e9riaux.<\/p>\n<p data-start=\"565\" data-end=\"810\">Le syst\u00e8me d\u2019essieu tandem assure une r\u00e9partition \u00e9quilibr\u00e9e de la charge, offrant <strong data-start=\"651\" data-end=\"692\">une stabilit\u00e9, un contr\u00f4le et un confort de conduite sup\u00e9rieurs<\/strong> tant sur le terrain que sur la route. La structure de pneus durable et les \u00e9l\u00e9ments de connexion solides garantissent une utilisation longue dur\u00e9e m\u00eame dans les terrains agricoles les plus exigeants.<\/p>\n<p data-start=\"812\" data-end=\"961\" data-is-last-node=\"\" data-is-only-node=\"\"><strong data-start=\"812\" data-end=\"823\">Le R150UBL<\/strong> est le choix id\u00e9al de <strong data-start=\"924\" data-end=\"948\">remorque de transport de balles<\/strong> pour les agriculteurs et les entreprises agricoles \u00e0 la recherche de haute efficacit\u00e9, durabilit\u00e9 et fiabilit\u00e9.<\/p>\n","protected":false},"excerpt":{"rendered":"<p>Le R150UBL est con\u00e7u avec une grande capacit\u00e9 de charge, une durabilit\u00e9 et une facilit\u00e9 d&rsquo;utilisation comme principales priorit\u00e9s pour<\/p>\n","protected":false},"featured_media":0,"template":"","meta":[],"product_brand":[],"product_cat":[1103],"product_tag":[],"class_list":{"0":"post-8708","1":"product","2":"type-product","3":"status-publish","5":"product_cat-remorque-de-transport-de-balles","7":"first","8":"instock","9":"shipping-taxable","10":"product-type-simple"},"_links":{"self":[{"href":"https:\/\/romsan.com\/fr\/wp-json\/wp\/v2\/product\/8708","targetHints":{"allow":["GET"]}}],"collection":[{"href":"https:\/\/romsan.com\/fr\/wp-json\/wp\/v2\/product"}],"about":[{"href":"https:\/\/romsan.com\/fr\/wp-json\/wp\/v2\/types\/product"}],"version-history":[{"count":0,"href":"https:\/\/romsan.com\/fr\/wp-json\/wp\/v2\/product\/8708\/revisions"}],"wp:attachment":[{"href":"https:\/\/romsan.com\/fr\/wp-json\/wp\/v2\/media?parent=8708"}],"wp:term":[{"taxonomy":"product_brand","embeddable":true,"href":"https:\/\/romsan.com\/fr\/wp-json\/wp\/v2\/product_brand?post=8708"},{"taxonomy":"product_cat","embeddable":true,"href":"https:\/\/romsan.com\/fr\/wp-json\/wp\/v2\/product_cat?post=8708"},{"taxonomy":"product_tag","embeddable":true,"href":"https:\/\/romsan.com\/fr\/wp-json\/wp\/v2\/product_tag?post=8708"}],"curies":[{"name":"wp","href":"https:\/\/api.w.org\/{rel}","templated":true}]}}