{"id":8710,"date":"2025-11-27T16:10:29","date_gmt":"2025-11-27T16:10:29","guid":{"rendered":"https:\/\/agriculture.romsan.com\/urun\/r100takgd\/"},"modified":"2025-11-27T16:10:29","modified_gmt":"2025-11-27T16:10:29","slug":"r100takgd","status":"publish","type":"product","link":"https:\/\/romsan.com\/fr\/urun\/r100takgd\/","title":{"rendered":"R100TAKGD"},"content":{"rendered":"<p><strong class=\"ng-star-inserted\"><span class=\"ng-star-inserted\">Capacit\u00e9 de chargement (m\u00b3) :<\/span><\/strong><span class=\"ng-star-inserted\"> 8,7 m\u00b3 | 7 m\u00b3<\/span><br class=\"ng-star-inserted\" \/><strong class=\"ng-star-inserted\"><span class=\"ng-star-inserted\">Poids \u00e0 vide (kg) :<\/span><\/strong><span class=\"ng-star-inserted\"> 4770 kg | 4590 kg<\/span><br class=\"ng-star-inserted\" \/><strong class=\"ng-star-inserted\"><span class=\"ng-star-inserted\">Dimensions ; Longueur\/Largeur\/Hauteur :<\/span><\/strong><span class=\"ng-star-inserted\"> 7000\/2200\u00b1100\/2700\u00b150 mm | 7000\u00b150\/2200\u00b1100\/2700\u00b150 mm<\/span><br class=\"ng-star-inserted\" \/><strong class=\"ng-star-inserted\"><span class=\"ng-star-inserted\">Convoyeur (D\u00e9charge) :<\/span><\/strong><span class=\"ng-star-inserted\"> Cha\u00eene trait\u00e9e thermiquement de 13 mm<\/span><br class=\"ng-star-inserted\" \/><strong class=\"ng-star-inserted\"><span class=\"ng-star-inserted\">Couvercle du convoyeur :<\/span><\/strong><span class=\"ng-star-inserted\"> Hydraulique<\/span><br class=\"ng-star-inserted\" \/><strong class=\"ng-star-inserted\"><span class=\"ng-star-inserted\">Transmission du mouvement du convoyeur :<\/span><\/strong><span class=\"ng-star-inserted\"> Mouvement hydraulique<\/span><br class=\"ng-star-inserted\" \/><strong class=\"ng-star-inserted\"><span class=\"ng-star-inserted\">Nombre de colonnes de d\u00e9charge (tambours) :<\/span><\/strong><span class=\"ng-star-inserted\"> 2<\/span><br class=\"ng-star-inserted\" \/><strong class=\"ng-star-inserted\"><span class=\"ng-star-inserted\">Nombre de dents de d\u00e9charge :<\/span><\/strong><span class=\"ng-star-inserted\"> 6<\/span><br class=\"ng-star-inserted\" \/><strong class=\"ng-star-inserted\"><span class=\"ng-star-inserted\">Transmission du mouvement de d\u00e9charge :<\/span><\/strong><span class=\"ng-star-inserted\"> Prise de force (PTO)<\/span><br class=\"ng-star-inserted\" \/><strong class=\"ng-star-inserted\"><span class=\"ng-star-inserted\">Angle de la colonne de d\u00e9charge :<\/span><\/strong><span class=\"ng-star-inserted\"> 15\u00b0<\/span><br class=\"ng-star-inserted\" \/><strong class=\"ng-star-inserted\"><span class=\"ng-star-inserted\">Syst\u00e8me de s\u00e9curit\u00e9 :<\/span><\/strong><span class=\"ng-star-inserted\"> Arbre PTO \u00e0 goupille de cisaillement<\/span><br class=\"ng-star-inserted\" \/><strong class=\"ng-star-inserted\"><span class=\"ng-star-inserted\">Essieu :<\/span><\/strong><span class=\"ng-star-inserted\"> Essieu tandem<\/span><br class=\"ng-star-inserted\" \/><strong class=\"ng-star-inserted\"><span class=\"ng-star-inserted\">Pneus :<\/span><\/strong><span class=\"ng-star-inserted\"> 500\/50-17 | 400\/60-15,5<\/span><br class=\"ng-star-inserted\" \/><strong class=\"ng-star-inserted\"><span class=\"ng-star-inserted\">Vitesse PTO :<\/span><\/strong><span class=\"ng-star-inserted\"> 540 rpm<\/span><br class=\"ng-star-inserted\" \/><strong class=\"ng-star-inserted\"><span class=\"ng-star-inserted\">Distance de d\u00e9charge (port\u00e9e) :<\/span><\/strong><span class=\"ng-star-inserted\"> Jusqu&rsquo;\u00e0 25 m\u00e8tres<\/span><\/p>\n","protected":false},"excerpt":{"rendered":"<p>Capacit\u00e9 de chargement (m\u00b3) : 8,7 m\u00b3 | 7 m\u00b3Poids \u00e0 vide (kg) : 4770 kg | 4590 kgDimensions ;<\/p>\n","protected":false},"featured_media":9522,"template":"","meta":[],"product_brand":[],"product_cat":[1104],"product_tag":[],"class_list":{"0":"post-8710","1":"product","2":"type-product","3":"status-publish","4":"has-post-thumbnail","6":"product_cat-epandeur-de-fumier-solide","8":"first","9":"instock","10":"shipping-taxable","11":"product-type-simple"},"_links":{"self":[{"href":"https:\/\/romsan.com\/fr\/wp-json\/wp\/v2\/product\/8710","targetHints":{"allow":["GET"]}}],"collection":[{"href":"https:\/\/romsan.com\/fr\/wp-json\/wp\/v2\/product"}],"about":[{"href":"https:\/\/romsan.com\/fr\/wp-json\/wp\/v2\/types\/product"}],"version-history":[{"count":0,"href":"https:\/\/romsan.com\/fr\/wp-json\/wp\/v2\/product\/8710\/revisions"}],"wp:featuredmedia":[{"embeddable":true,"href":"https:\/\/romsan.com\/fr\/wp-json\/wp\/v2\/media\/9522"}],"wp:attachment":[{"href":"https:\/\/romsan.com\/fr\/wp-json\/wp\/v2\/media?parent=8710"}],"wp:term":[{"taxonomy":"product_brand","embeddable":true,"href":"https:\/\/romsan.com\/fr\/wp-json\/wp\/v2\/product_brand?post=8710"},{"taxonomy":"product_cat","embeddable":true,"href":"https:\/\/romsan.com\/fr\/wp-json\/wp\/v2\/product_cat?post=8710"},{"taxonomy":"product_tag","embeddable":true,"href":"https:\/\/romsan.com\/fr\/wp-json\/wp\/v2\/product_tag?post=8710"}],"curies":[{"name":"wp","href":"https:\/\/api.w.org\/{rel}","templated":true}]}}