{"id":8719,"date":"2025-11-27T16:16:15","date_gmt":"2025-11-27T16:16:15","guid":{"rendered":"https:\/\/agriculture.romsan.com\/urun\/r20trsgap\/"},"modified":"2025-11-27T16:16:15","modified_gmt":"2025-11-27T16:16:15","slug":"r20trsgap","status":"publish","type":"product","link":"https:\/\/romsan.com\/fr\/urun\/r20trsgap\/","title":{"rendered":"R20TRSGAP"},"content":{"rendered":"<p><strong class=\"ng-star-inserted\"><span class=\"ng-star-inserted\">Capacit\u00e9 de charge (m\u00b3) :<\/span><\/strong><span class=\"ng-star-inserted\"> 8,7 m\u00b3 | 7 m\u00b3<\/span><br class=\"ng-star-inserted\" \/><strong class=\"ng-star-inserted\"><span class=\"ng-star-inserted\">Poids \u00e0 vide (kg) :<\/span><\/strong><span class=\"ng-star-inserted\"> 4770 kg | 4590 kg<\/span><br class=\"ng-star-inserted\" \/><strong class=\"ng-star-inserted\"><span class=\"ng-star-inserted\">Dimensions ; Longueur\/Largeur\/Hauteur :<\/span><\/strong><span class=\"ng-star-inserted\"> 7000\/2200\u00b1100\/2700\u00b150 mm | 7000\u00b150\/2200\u00b1100\/2700\u00b150 mm<\/span><br class=\"ng-star-inserted\" \/><strong class=\"ng-star-inserted\"><span class=\"ng-star-inserted\">Convoyeur (Alimenteur) :<\/span><\/strong><span class=\"ng-star-inserted\"> Cha\u00eene trait\u00e9e thermiquement 13 mm<\/span><br class=\"ng-star-inserted\" \/><strong class=\"ng-star-inserted\"><span class=\"ng-star-inserted\">Couvercle du convoyeur :<\/span><\/strong><span class=\"ng-star-inserted\"> Hydraulique<\/span><br class=\"ng-star-inserted\" \/><strong class=\"ng-star-inserted\"><span class=\"ng-star-inserted\">Transmission du mouvement du convoyeur :<\/span><\/strong><span class=\"ng-star-inserted\"> Mouvement hydraulique<\/span><br class=\"ng-star-inserted\" \/><strong class=\"ng-star-inserted\"><span class=\"ng-star-inserted\">Nombre de colonnes du distributeur (tambour) :<\/span><\/strong><span class=\"ng-star-inserted\"> 2<\/span><br class=\"ng-star-inserted\" \/><strong class=\"ng-star-inserted\"><span class=\"ng-star-inserted\">Nombre de dents du distributeur :<\/span><\/strong><span class=\"ng-star-inserted\"> 6<\/span><br class=\"ng-star-inserted\" \/><strong class=\"ng-star-inserted\"><span class=\"ng-star-inserted\">Transmission du mouvement du distributeur :<\/span><\/strong><span class=\"ng-star-inserted\"> Prise de force (PTO)<\/span><br class=\"ng-star-inserted\" \/><strong class=\"ng-star-inserted\"><span class=\"ng-star-inserted\">Angle des colonnes du distributeur :<\/span><\/strong><span class=\"ng-star-inserted\"> 15\u00b0<\/span><br class=\"ng-star-inserted\" \/><strong class=\"ng-star-inserted\"><span class=\"ng-star-inserted\">Syst\u00e8me de s\u00e9curit\u00e9 :<\/span><\/strong><span class=\"ng-star-inserted\"> Broche de cisaillement PTO<\/span><br class=\"ng-star-inserted\" \/><strong class=\"ng-star-inserted\"><span class=\"ng-star-inserted\">Essieu (Suspension) :<\/span><\/strong><span class=\"ng-star-inserted\"> Essieu tandem<\/span><br class=\"ng-star-inserted\" \/><strong class=\"ng-star-inserted\"><span class=\"ng-star-inserted\">Pneus :<\/span><\/strong><span class=\"ng-star-inserted\"> 500\/50-17 | 400\/60-15,5<\/span><br class=\"ng-star-inserted\" \/><strong class=\"ng-star-inserted\"><span class=\"ng-star-inserted\">R\u00e9gime PTO :<\/span><\/strong><span class=\"ng-star-inserted\"> 540 tr\/min<\/span><br class=\"ng-star-inserted\" \/><strong class=\"ng-star-inserted\"><span class=\"ng-star-inserted\">Distance de d\u00e9chargement (Port\u00e9e) :<\/span><\/strong><span class=\"ng-star-inserted\"> Jusqu&rsquo;\u00e0 25 m\u00e8tres<\/span><\/p>\n","protected":false},"excerpt":{"rendered":"<p>Capacit\u00e9 de charge (m\u00b3) : 8,7 m\u00b3 | 7 m\u00b3Poids \u00e0 vide (kg) : 4770 kg | 4590 kgDimensions ;<\/p>\n","protected":false},"featured_media":8720,"template":"","meta":[],"product_brand":[],"product_cat":[1011],"product_tag":[],"class_list":{"0":"post-8719","1":"product","2":"type-product","3":"status-publish","4":"has-post-thumbnail","6":"product_cat-camion-benne-a-trois-essieux","8":"first","9":"instock","10":"shipping-taxable","11":"product-type-simple"},"_links":{"self":[{"href":"https:\/\/romsan.com\/fr\/wp-json\/wp\/v2\/product\/8719","targetHints":{"allow":["GET"]}}],"collection":[{"href":"https:\/\/romsan.com\/fr\/wp-json\/wp\/v2\/product"}],"about":[{"href":"https:\/\/romsan.com\/fr\/wp-json\/wp\/v2\/types\/product"}],"version-history":[{"count":0,"href":"https:\/\/romsan.com\/fr\/wp-json\/wp\/v2\/product\/8719\/revisions"}],"wp:featuredmedia":[{"embeddable":true,"href":"https:\/\/romsan.com\/fr\/wp-json\/wp\/v2\/media\/8720"}],"wp:attachment":[{"href":"https:\/\/romsan.com\/fr\/wp-json\/wp\/v2\/media?parent=8719"}],"wp:term":[{"taxonomy":"product_brand","embeddable":true,"href":"https:\/\/romsan.com\/fr\/wp-json\/wp\/v2\/product_brand?post=8719"},{"taxonomy":"product_cat","embeddable":true,"href":"https:\/\/romsan.com\/fr\/wp-json\/wp\/v2\/product_cat?post=8719"},{"taxonomy":"product_tag","embeddable":true,"href":"https:\/\/romsan.com\/fr\/wp-json\/wp\/v2\/product_tag?post=8719"}],"curies":[{"name":"wp","href":"https:\/\/api.w.org\/{rel}","templated":true}]}}