{"id":8751,"date":"2025-12-10T11:07:04","date_gmt":"2025-12-10T11:07:04","guid":{"rendered":"https:\/\/agriculture.romsan.com\/urun\/r20rsm\/"},"modified":"2026-02-26T03:03:31","modified_gmt":"2026-02-26T03:03:31","slug":"r20rsm","status":"publish","type":"product","link":"https:\/\/romsan.com\/fr\/urun\/r20rsm\/","title":{"rendered":"R20RSM"},"content":{"rendered":"<p data-start=\"158\" data-end=\"555\">Le R20RSM est un accessoire de balayage professionnel con\u00e7u pour le nettoyage rapide, efficace et s\u00fbr de grandes surfaces. Destin\u00e9 \u00e0 une large gamme d&rsquo;applications \u2014 des champs agricoles aux cours d&rsquo;usine, aux op\u00e9rations de nettoyage municipales et aux installations industrielles \u2014 ce mod\u00e8le offre des performances de balayage sup\u00e9rieures gr\u00e2ce \u00e0 son syst\u00e8me hydraulique puissant et \u00e0 sa configuration de brosses haute efficacit\u00e9.<\/p>\n<p data-start=\"557\" data-end=\"973\">L&rsquo;unit\u00e9 est \u00e9quip\u00e9e d&rsquo;un syst\u00e8me de balayage avanc\u00e9 compos\u00e9 de deux brosses \u00e0 disque entra\u00een\u00e9es hydrauliquement. Ces brosses lat\u00e9rales dirigent les d\u00e9bris vers le centre pendant le fonctionnement, tandis que la brosse arri\u00e8re principale, situ\u00e9e derri\u00e8re l&rsquo;essieu, transf\u00e8re directement le mat\u00e9riau collect\u00e9 dans la tr\u00e9mie. Cette conception de balayage \u00e0 triple action assure une efficacit\u00e9 maximale, notamment sur des surfaces poussi\u00e9reuses, gravillonn\u00e9es ou fortement encrass\u00e9es.<\/p>\n<p data-start=\"975\" data-end=\"1256\">Gr\u00e2ce \u00e0 son m\u00e9canisme hydraulique de levage et d&rsquo;abaissement, les brosses maintiennent une pression optimale au sol, offrant une qualit\u00e9 de nettoyage \u00e9lev\u00e9e sans endommager la surface. Le panneau de contr\u00f4le convivial permet \u00e0 l&rsquo;op\u00e9rateur de g\u00e9rer facilement le syst\u00e8me et de s&rsquo;adapter rapidement aux conditions de terrain variables.<\/p>\n<p data-start=\"1258\" data-end=\"1524\">Le R20RSM est con\u00e7u pour fonctionner avec des tracteurs d&rsquo;au moins 45 ch. Offrant flexibilit\u00e9 gr\u00e2ce au choix d&rsquo;une pompe entra\u00een\u00e9e par la PDF ou du syst\u00e8me hydraulique du v\u00e9hicule tracteur, l&rsquo;\u00e9quipement devient une solution de nettoyage polyvalente et pratique pour de nombreuses op\u00e9rations.<\/p>\n<p data-start=\"1526\" data-end=\"1767\">Gr\u00e2ce \u00e0 sa construction durable, sa grande capacit\u00e9 de balayage et ses faibles besoins en entretien, le R20RSM est un accessoire de balayage efficace et durable, adapt\u00e9 aux op\u00e9rations agricoles, aux services municipaux et aux installations industrielles.<\/p>\n<h5 data-start=\"1774\" data-end=\"1799\"><strong data-start=\"1778\" data-end=\"1797\">Syst\u00e8me de balayage<\/strong><\/h5>\n<p data-start=\"1800\" data-end=\"1952\">\u2022 Deux brosses \u00e0 disque entra\u00een\u00e9es par des moteurs hydrauliques, \u00e9quip\u00e9es de syst\u00e8mes de levage et d&rsquo;abaissement hydrauliques.<br data-start=\"1892\" data-end=\"1895\">\u2022 La brosse arri\u00e8re est entra\u00een\u00e9e directement par un moteur hydraulique.<\/p>\n<h5 data-start=\"1954\" data-end=\"1986\"><strong data-start=\"1958\" data-end=\"1984\">Syst\u00e8me de ramassage des d\u00e9chets<\/strong><\/h5>\n<p data-start=\"1987\" data-end=\"2136\">\u2022 Deux brosses lat\u00e9rales avant balayent les d\u00e9bris vers le centre.<br data-start=\"2051\" data-end=\"2054\">\u2022 La brosse arri\u00e8re principale, situ\u00e9e derri\u00e8re l&rsquo;essieu, transf\u00e8re les d\u00e9bris dans la tr\u00e9mie.<\/p>\n<h5 data-start=\"2138\" data-end=\"2161\"><strong data-start=\"2142\" data-end=\"2159\">Panneau de contr\u00f4le<\/strong><\/h5>\n<p data-start=\"2162\" data-end=\"2210\">\u2022 Panneau de contr\u00f4le simple et facile \u00e0 utiliser pour l&rsquo;op\u00e9rateur.<\/p>\n<h5 data-start=\"2212\" data-end=\"2249\"><strong data-start=\"2216\" data-end=\"2247\">Exigences du v\u00e9hicule tracteur<\/strong><\/h5>\n<p data-start=\"2250\" data-end=\"2298\">\u2022 Con\u00e7u pour des tracteurs d&rsquo;une puissance minimale de 45 ch.<\/p>\n<h5 data-start=\"2300\" data-end=\"2329\"><strong data-start=\"2304\" data-end=\"2327\">Unit\u00e9 de transmission de puissance<\/strong><\/h5>\n<p data-start=\"2330\" data-end=\"2403\">\u2022 Peut fonctionner via une pompe PDF ou le syst\u00e8me hydraulique du v\u00e9hicule tracteur.<\/p>\n","protected":false},"excerpt":{"rendered":"<p><br data-mce-bogus=\"1\"><\/p>\n","protected":false},"featured_media":6930,"template":"","meta":[],"product_brand":[],"product_cat":[1105],"product_tag":[],"class_list":{"0":"post-8751","1":"product","2":"type-product","3":"status-publish","4":"has-post-thumbnail","6":"product_cat-remorques-pour-les-municipalites-et-les-exploitations-agricoles","8":"first","9":"instock","10":"shipping-taxable","11":"product-type-simple"},"_links":{"self":[{"href":"https:\/\/romsan.com\/fr\/wp-json\/wp\/v2\/product\/8751","targetHints":{"allow":["GET"]}}],"collection":[{"href":"https:\/\/romsan.com\/fr\/wp-json\/wp\/v2\/product"}],"about":[{"href":"https:\/\/romsan.com\/fr\/wp-json\/wp\/v2\/types\/product"}],"version-history":[{"count":0,"href":"https:\/\/romsan.com\/fr\/wp-json\/wp\/v2\/product\/8751\/revisions"}],"wp:featuredmedia":[{"embeddable":true,"href":"https:\/\/romsan.com\/fr\/wp-json\/wp\/v2\/media\/6930"}],"wp:attachment":[{"href":"https:\/\/romsan.com\/fr\/wp-json\/wp\/v2\/media?parent=8751"}],"wp:term":[{"taxonomy":"product_brand","embeddable":true,"href":"https:\/\/romsan.com\/fr\/wp-json\/wp\/v2\/product_brand?post=8751"},{"taxonomy":"product_cat","embeddable":true,"href":"https:\/\/romsan.com\/fr\/wp-json\/wp\/v2\/product_cat?post=8751"},{"taxonomy":"product_tag","embeddable":true,"href":"https:\/\/romsan.com\/fr\/wp-json\/wp\/v2\/product_tag?post=8751"}],"curies":[{"name":"wp","href":"https:\/\/api.w.org\/{rel}","templated":true}]}}