{"id":9027,"date":"2025-10-27T09:25:14","date_gmt":"2025-10-27T09:25:14","guid":{"rendered":"https:\/\/agriculture.romsan.com\/urun\/r60000tk4p-suma\/"},"modified":"2025-10-27T09:25:14","modified_gmt":"2025-10-27T09:25:14","slug":"r60000tk4p-suma","status":"publish","type":"product","link":"https:\/\/romsan.com\/fr\/urun\/r60000tk4p-suma\/","title":{"rendered":"R60000TK4P -SUMA"},"content":{"rendered":"<p>Le r\u00e9servoir R60000TK4P-SUMA est con\u00e7u pour offrir une s\u00e9curit\u00e9, une durabilit\u00e9 et une capacit\u00e9 \u00e9lev\u00e9es aux entreprises et institutions professionnelles \u00e0 la recherche d&rsquo;une citerne d&rsquo;eau incendie. Ce mod\u00e8le assure des interventions d&rsquo;urgence rapides et efficaces et constitue un \u00e9l\u00e9ment fiable des syst\u00e8mes de lutte contre l&rsquo;incendie.<\/p>\n<p>Sa grande capacit\u00e9 garantit un approvisionnement en eau continu pour la lutte contre les incendies sur de vastes zones. Gr\u00e2ce \u00e0 sa robuste structure en acier et \u00e0 sa construction r\u00e9sistante \u00e0 la corrosion, le R60000TK4P-SUMA offre une longue dur\u00e9e de vie. De plus, il s&rsquo;int\u00e8gre facilement aux pompes et syst\u00e8mes de raccordement optionnels pour une compatibilit\u00e9 optimale avec les camions de pompiers, les syst\u00e8mes d&rsquo;irrigation et les \u00e9quipements d&rsquo;intervention d&rsquo;urgence.<\/p>\n<p>La structure robuste du ch\u00e2ssis et le syst\u00e8me d&rsquo;essieux \u00e9quilibr\u00e9s assurent une grande stabilit\u00e9 et un transport s\u00fbr, m\u00eame \u00e0 pleine capacit\u00e9. Son \u00e9tanch\u00e9it\u00e9 garantit un stockage d&rsquo;eau s\u00fbr, m\u00eame dans des conditions environnementales difficiles.<\/p>\n<p>Le R60000TK4P-SUMA est la solution id\u00e9ale pour la lutte contre l&rsquo;incendie\u00a0: il offre une capacit\u00e9 \u00e9lev\u00e9e, une grande fiabilit\u00e9 et une durabilit\u00e9 optimale pour r\u00e9pondre aux besoins en mati\u00e8re de s\u00e9curit\u00e9 incendie, d&rsquo;intervention d&rsquo;urgence et de stockage d&rsquo;eau.<\/p>\n","protected":false},"excerpt":{"rendered":"<p>Le r\u00e9servoir R60000TK4P-SUMA est con\u00e7u pour offrir une s\u00e9curit\u00e9, une durabilit\u00e9 et une capacit\u00e9 \u00e9lev\u00e9es aux entreprises et institutions professionnelles<\/p>\n","protected":false},"featured_media":6737,"template":"","meta":[],"product_brand":[],"product_cat":[70],"product_tag":[],"class_list":{"0":"post-9027","1":"product","2":"type-product","3":"status-publish","4":"has-post-thumbnail","6":"product_cat-kategorisiz","8":"first","9":"instock","10":"shipping-taxable","11":"product-type-simple"},"_links":{"self":[{"href":"https:\/\/romsan.com\/fr\/wp-json\/wp\/v2\/product\/9027","targetHints":{"allow":["GET"]}}],"collection":[{"href":"https:\/\/romsan.com\/fr\/wp-json\/wp\/v2\/product"}],"about":[{"href":"https:\/\/romsan.com\/fr\/wp-json\/wp\/v2\/types\/product"}],"version-history":[{"count":0,"href":"https:\/\/romsan.com\/fr\/wp-json\/wp\/v2\/product\/9027\/revisions"}],"wp:featuredmedia":[{"embeddable":true,"href":"https:\/\/romsan.com\/fr\/wp-json\/wp\/v2\/media\/6737"}],"wp:attachment":[{"href":"https:\/\/romsan.com\/fr\/wp-json\/wp\/v2\/media?parent=9027"}],"wp:term":[{"taxonomy":"product_brand","embeddable":true,"href":"https:\/\/romsan.com\/fr\/wp-json\/wp\/v2\/product_brand?post=9027"},{"taxonomy":"product_cat","embeddable":true,"href":"https:\/\/romsan.com\/fr\/wp-json\/wp\/v2\/product_cat?post=9027"},{"taxonomy":"product_tag","embeddable":true,"href":"https:\/\/romsan.com\/fr\/wp-json\/wp\/v2\/product_tag?post=9027"}],"curies":[{"name":"wp","href":"https:\/\/api.w.org\/{rel}","templated":true}]}}