{"id":9032,"date":"2025-10-27T09:48:08","date_gmt":"2025-10-27T09:48:08","guid":{"rendered":"https:\/\/agriculture.romsan.com\/urun\/r200utk\/"},"modified":"2025-10-27T09:48:08","modified_gmt":"2025-10-27T09:48:08","slug":"r200utk","status":"publish","type":"product","link":"https:\/\/romsan.com\/fr\/urun\/r200utk\/","title":{"rendered":"R200UTK"},"content":{"rendered":"<p>Le R200UTK est con\u00e7u pour offrir une capacit\u00e9 \u00e9lev\u00e9e, une grande durabilit\u00e9 et une fiabilit\u00e9 \u00e0 toute \u00e9preuve aux professionnels \u00e0 la recherche d&rsquo;une solution de r\u00e9servoir d&rsquo;eau. Il r\u00e9pond aux besoins de transport et de stockage d&rsquo;eau de divers secteurs tels que l&rsquo;agriculture, la construction, l&rsquo;industrie et les services municipaux.<\/p>\n<p>Sa structure robuste et son r\u00e9servoir d&rsquo;eau de grande capacit\u00e9 garantissent d&rsquo;excellentes performances, m\u00eame en cas d&rsquo;utilisation intensive et prolong\u00e9e. Gr\u00e2ce \u00e0 sa conception \u00e9tanche et \u00e0 ses mat\u00e9riaux r\u00e9sistants \u00e0 la corrosion, le R200UTK assure un transport s\u00fbr d&rsquo;eau potable et d&rsquo;eau industrielle.<\/p>\n<p>Son ch\u00e2ssis renforc\u00e9 garantit un \u00e9quilibre optimal et une s\u00e9curit\u00e9 de transport maximale, m\u00eame \u00e0 pleine capacit\u00e9. Il peut \u00eatre \u00e9quip\u00e9 de pompes et de syst\u00e8mes de raccordement en option, ce qui le rend adapt\u00e9 \u00e0 de multiples applications telles que l&rsquo;irrigation, le nettoyage, la lutte contre les incendies ou la distribution d&rsquo;eau.<\/p>\n<p>Le R200UTK est la solution de r\u00e9servoir d&rsquo;eau id\u00e9ale pour les entreprises qui recherchent une utilisation durable, une grande capacit\u00e9 et une fiabilit\u00e9 \u00e0 toute \u00e9preuve.<\/p>\n","protected":false},"excerpt":{"rendered":"<p>Le R200UTK est con\u00e7u pour offrir une capacit\u00e9 \u00e9lev\u00e9e, une grande durabilit\u00e9 et une fiabilit\u00e9 \u00e0 toute \u00e9preuve aux professionnels<\/p>\n","protected":false},"featured_media":6719,"template":"","meta":[],"product_brand":[],"product_cat":[70],"product_tag":[],"class_list":{"0":"post-9032","1":"product","2":"type-product","3":"status-publish","4":"has-post-thumbnail","6":"product_cat-kategorisiz","8":"first","9":"instock","10":"shipping-taxable","11":"product-type-simple"},"_links":{"self":[{"href":"https:\/\/romsan.com\/fr\/wp-json\/wp\/v2\/product\/9032","targetHints":{"allow":["GET"]}}],"collection":[{"href":"https:\/\/romsan.com\/fr\/wp-json\/wp\/v2\/product"}],"about":[{"href":"https:\/\/romsan.com\/fr\/wp-json\/wp\/v2\/types\/product"}],"version-history":[{"count":0,"href":"https:\/\/romsan.com\/fr\/wp-json\/wp\/v2\/product\/9032\/revisions"}],"wp:featuredmedia":[{"embeddable":true,"href":"https:\/\/romsan.com\/fr\/wp-json\/wp\/v2\/media\/6719"}],"wp:attachment":[{"href":"https:\/\/romsan.com\/fr\/wp-json\/wp\/v2\/media?parent=9032"}],"wp:term":[{"taxonomy":"product_brand","embeddable":true,"href":"https:\/\/romsan.com\/fr\/wp-json\/wp\/v2\/product_brand?post=9032"},{"taxonomy":"product_cat","embeddable":true,"href":"https:\/\/romsan.com\/fr\/wp-json\/wp\/v2\/product_cat?post=9032"},{"taxonomy":"product_tag","embeddable":true,"href":"https:\/\/romsan.com\/fr\/wp-json\/wp\/v2\/product_tag?post=9032"}],"curies":[{"name":"wp","href":"https:\/\/api.w.org\/{rel}","templated":true}]}}