{"id":9084,"date":"2025-10-22T09:40:51","date_gmt":"2025-10-22T09:40:51","guid":{"rendered":"https:\/\/agriculture.romsan.com\/urun\/yk-20-ec\/"},"modified":"2025-10-22T09:40:51","modified_gmt":"2025-10-22T09:40:51","slug":"yk-20-ec","status":"publish","type":"product","link":"https:\/\/romsan.com\/fr\/urun\/yk-20-ec\/","title":{"rendered":"YK 20 EC"},"content":{"rendered":"<p>YK 20 EC, le karma makinesi arayan profesyonel \u00e7ift\u00e7iler i\u00e7in y\u00fcksek verimlilik, dayan\u0131kl\u0131l\u0131k et kullan\u0131m kolayl\u0131\u011f\u0131 \u00f6n planda tutularak tasarlanm\u0131\u015ft\u0131r. Lorsque vous utilisez le mod\u00e8le, vous avez la possibilit\u00e9 de s\u00e9lectionner le mod\u00e8le le plus performant et le plus performant possible.<\/p>\n<p>Geni\u015f haznesi e g\u00fc\u00e7l\u00fc kar\u0131\u015ft\u0131rma sistemi sayesinde farkl\u0131 yem t\u00fcrlerini homojen bir \u015fekilde kar\u0131\u015ft\u0131rarak hayvanlar\u0131n\u0131z\u0131n dengeli beslenmesine katk\u0131 sa\u011flar. YK 20 EC, g\u00fc\u00e7l\u00fc \u015fanz\u0131man yap\u0131s\u0131 ve verimli b\u0131\u00e7ak sistemiyle hem zamandan hem de yak\u0131ttan tasarruf ettirir.<\/p>\n<p>Dayan\u0131kl\u0131 g\u00f6vde yap\u0131s\u0131, uzun \u00f6m\u00fcrl\u00fc kullan\u0131m sunarken; L&rsquo;ergonomie est tr\u00e8s bonne, les bo\u015falt\u0131m et les temizlik imk\u00e2n\u0131 sa\u011flar. Le Trakt\u00f6r ba\u011flant\u0131s\u0131na uyumlu yap\u0131s\u0131, \u00e7iftlik i\u00e7i ve saha kullan\u0131m\u0131nda y\u00fcksek manevra kabiliyeti e kolay kontrol sunar.<\/p>\n<p>YK 20 EC, il s&rsquo;av\u00e8re que la qualit\u00e9 de vie est bonne, et il y a un jour o\u00f9 le karma est id\u00e9al.<\/p>\n","protected":false},"excerpt":{"rendered":"<p>YK 20 EC, le karma makinesi arayan profesyonel \u00e7ift\u00e7iler i\u00e7in y\u00fcksek verimlilik, dayan\u0131kl\u0131l\u0131k et kullan\u0131m kolayl\u0131\u011f\u0131 \u00f6n planda tutularak tasarlanm\u0131\u015ft\u0131r.<\/p>\n","protected":false},"featured_media":6753,"template":"","meta":[],"product_brand":[],"product_cat":[70],"product_tag":[],"class_list":{"0":"post-9084","1":"product","2":"type-product","3":"status-publish","4":"has-post-thumbnail","6":"product_cat-kategorisiz","8":"first","9":"instock","10":"shipping-taxable","11":"product-type-simple"},"_links":{"self":[{"href":"https:\/\/romsan.com\/fr\/wp-json\/wp\/v2\/product\/9084","targetHints":{"allow":["GET"]}}],"collection":[{"href":"https:\/\/romsan.com\/fr\/wp-json\/wp\/v2\/product"}],"about":[{"href":"https:\/\/romsan.com\/fr\/wp-json\/wp\/v2\/types\/product"}],"version-history":[{"count":0,"href":"https:\/\/romsan.com\/fr\/wp-json\/wp\/v2\/product\/9084\/revisions"}],"wp:featuredmedia":[{"embeddable":true,"href":"https:\/\/romsan.com\/fr\/wp-json\/wp\/v2\/media\/6753"}],"wp:attachment":[{"href":"https:\/\/romsan.com\/fr\/wp-json\/wp\/v2\/media?parent=9084"}],"wp:term":[{"taxonomy":"product_brand","embeddable":true,"href":"https:\/\/romsan.com\/fr\/wp-json\/wp\/v2\/product_brand?post=9084"},{"taxonomy":"product_cat","embeddable":true,"href":"https:\/\/romsan.com\/fr\/wp-json\/wp\/v2\/product_cat?post=9084"},{"taxonomy":"product_tag","embeddable":true,"href":"https:\/\/romsan.com\/fr\/wp-json\/wp\/v2\/product_tag?post=9084"}],"curies":[{"name":"wp","href":"https:\/\/api.w.org\/{rel}","templated":true}]}}